{"id":1233,"date":"2019-08-31T19:41:55","date_gmt":"2019-08-31T19:41:55","guid":{"rendered":"http:\/\/adventistas.org.do\/?page_id=1233"},"modified":"2019-09-03T19:17:51","modified_gmt":"2019-09-03T19:17:51","slug":"descargas","status":"publish","type":"page","link":"https:\/\/adventistas.org.do\/?page_id=1233","title":{"rendered":"DESCARGAS"},"content":{"rendered":"\n<div class=\"wp-block-file\"><a href=\"http:\/\/adventistas.org.do\/wp-content\/uploads\/2019\/08\/DINORAHMujer-amada-y-escogida-para-la-mision-1-1.pptx\">Mujer amada y escogida para la misi\u00f3n. -Dinorah Rivera<\/a><a href=\"http:\/\/adventistas.org.do\/wp-content\/uploads\/2019\/08\/DINORAHMujer-amada-y-escogida-para-la-mision-1-1.pptx\" class=\"wp-block-file__button\" download=\"\">Descarga<\/a><\/div>\n\n\n\n<div class=\"wp-block-file\"><a href=\"http:\/\/adventistas.org.do\/wp-content\/uploads\/2019\/08\/Ministerio-de-Oraci\u00f3n-IntercesoraPP-1.pptx\">Ministerio de Oraci\u00f3n Intercesora. -Iglesia Mundial<\/a><a href=\"http:\/\/adventistas.org.do\/wp-content\/uploads\/2019\/08\/Ministerio-de-Oraci\u00f3n-IntercesoraPP-1.pptx\" class=\"wp-block-file__button\" download=\"\">Descarga<\/a><\/div>\n\n\n\n<div class=\"wp-block-file\"><a href=\"http:\/\/adventistas.org.do\/wp-content\/uploads\/2019\/08\/tema-2-DINORAH-1.pptx\">Evangelismo en acci\u00f3n -Dinorah Rivera<\/a><a href=\"http:\/\/adventistas.org.do\/wp-content\/uploads\/2019\/08\/tema-2-DINORAH-1.pptx\" class=\"wp-block-file__button\" download=\"\">Descarga<\/a><\/div>\n\n\n\n<div class=\"wp-block-file\"><a href=\"http:\/\/adventistas.org.do\/wp-content\/uploads\/2019\/08\/Joel-Fernandez-MINISTERIO-DE-LA-MUJER.-SEMINARIO.pptx\">Dios busca una Mujer -Joel Fernandez<\/a><a href=\"http:\/\/adventistas.org.do\/wp-content\/uploads\/2019\/08\/Joel-Fernandez-MINISTERIO-DE-LA-MUJER.-SEMINARIO.pptx\" class=\"wp-block-file__button\" download=\"\">Descarga<\/a><\/div>\n\n\n\n<figure class=\"wp-block-embed-youtube alignleft wp-block-embed is-type-video is-provider-youtube wp-embed-aspect-16-9 wp-has-aspect-ratio\"><div class=\"wp-block-embed__wrapper\">\n<div class='embed-container'><iframe loading=\"lazy\" title=\"HIMNO A LAS DORCAS\" width=\"1920\" height=\"1080\" src=\"https:\/\/www.youtube.com\/embed\/64BKciWHQPQ?feature=oembed\" frameborder=\"0\" allow=\"accelerometer; autoplay; encrypted-media; gyroscope; picture-in-picture\" allowfullscreen><\/iframe><\/div>\n<\/div><\/figure>\n","protected":false},"excerpt":{"rendered":"<p>Mujer amada y escogida para la misi\u00f3n. -Dinorah RiveraDescarga Ministerio de Oraci\u00f3n Intercesora. -Iglesia MundialDescarga Evangelismo en acci\u00f3n -Dinorah RiveraDescarga Dios busca una Mujer -Joel FernandezDescarga<\/p>\n","protected":false},"author":1,"featured_media":0,"parent":0,"menu_order":0,"comment_status":"closed","ping_status":"closed","template":"","meta":{"footnotes":""},"class_list":["post-1233","page","type-page","status-publish","hentry"],"_links":{"self":[{"href":"https:\/\/adventistas.org.do\/index.php?rest_route=\/wp\/v2\/pages\/1233","targetHints":{"allow":["GET"]}}],"collection":[{"href":"https:\/\/adventistas.org.do\/index.php?rest_route=\/wp\/v2\/pages"}],"about":[{"href":"https:\/\/adventistas.org.do\/index.php?rest_route=\/wp\/v2\/types\/page"}],"author":[{"embeddable":true,"href":"https:\/\/adventistas.org.do\/index.php?rest_route=\/wp\/v2\/users\/1"}],"replies":[{"embeddable":true,"href":"https:\/\/adventistas.org.do\/index.php?rest_route=%2Fwp%2Fv2%2Fcomments&post=1233"}],"version-history":[{"count":11,"href":"https:\/\/adventistas.org.do\/index.php?rest_route=\/wp\/v2\/pages\/1233\/revisions"}],"predecessor-version":[{"id":1271,"href":"https:\/\/adventistas.org.do\/index.php?rest_route=\/wp\/v2\/pages\/1233\/revisions\/1271"}],"wp:attachment":[{"href":"https:\/\/adventistas.org.do\/index.php?rest_route=%2Fwp%2Fv2%2Fmedia&parent=1233"}],"curies":[{"name":"wp","href":"https:\/\/api.w.org\/{rel}","templated":true}]}}