{"id":1459,"date":"2020-10-31T13:06:34","date_gmt":"2020-10-31T13:06:34","guid":{"rendered":"http:\/\/adventistas.org.do\/?page_id=1459"},"modified":"2020-10-31T13:51:58","modified_gmt":"2020-10-31T13:51:58","slug":"yo-ire","status":"publish","type":"page","link":"https:\/\/adventistas.org.do\/?page_id=1459","title":{"rendered":"I Will Go"},"content":{"rendered":"<h2>\n\t\tI Will Go\n\t<\/h2>\n\t<p><strong><em>Yo Ir\u00e9<\/em><\/strong>\u00a0involucra a todos los miembros de iglesia en alcanzar el mundo, inspir\u00e1ndolos y equip\u00e1ndolos para que usen los dones espirituales recibidos de Dios en la testificaci\u00f3n y el servicio para Cristo.<\/p>\n\t\t\t<a href=\"http:\/\/adventistas.org.do\/wp-content\/uploads\/2020\/10\/IWG_A4_Spanish.pdf\" target=\"_blank\" role=\"button\" rel=\"noopener noreferrer\">\n\t\t\t\t\t\t\tSaber m\u00e1s\n\t\t\t<\/a>\n\t\t\t\t<img loading=\"lazy\" decoding=\"async\" src=\"http:\/\/adventistas.org.do\/wp-content\/uploads\/2020\/10\/https___iwillgo2020.org_wp-content_uploads_2020_07_Leadership-2-scaled-1.jpg\" alt=\"https___iwillgo2020.org_wp-content_uploads_2020_07_Leadership-2-scaled\" itemprop=\"image\" height=\"1440\" width=\"2560\" title=\"https___iwillgo2020.org_wp-content_uploads_2020_07_Leadership-2-scaled\" onerror=\"this.style.display='none'\"  \/>\n<h2>\n\t\tEl trabajo misionero\n\t<\/h2>\n\t<p>\u00abEs trabajando activamente para suplir las necesidades de la causa de Dios que ponemos nuestras almas en contacto con la Fuente de todo poder.\u201d<\/p>\nEllen G. White<br \/>\nTestimonios para la Iglesia 6:27\n\t\t\t<a href=\"http:\/\/adventistas.org.do\/wp-content\/uploads\/2020\/10\/IWG_A4_Spanish.pdf\" target=\"_blank\" role=\"button\" rel=\"noopener noreferrer\">\n\t\t\t\t\t\t\tSaber m\u00e1s\n\t\t\t<\/a>\n<h2>\n\t\tDeclaraci\u00f3n de la Misi\u00f3n\n\t<\/h2>\n\t<p>Haga disc\u00edpulos de Jesucristo que vivan como Sus testigos amorosos y proclame a todas las personas el evangelio eterno de los Mensajes de los Tres \u00c1ngeles en preparaci\u00f3n para su pronto regreso<\/p>\n\t\t\t<a href=\"http:\/\/adventistas.org.do\/wp-content\/uploads\/2020\/10\/IWG_A4_Spanish.pdf\" target=\"_blank\" role=\"button\" rel=\"noopener noreferrer\">\n\t\t\t\t\t\t\tSaber m\u00e1s\n\t\t\t<\/a>\n","protected":false},"excerpt":{"rendered":"","protected":false},"author":1,"featured_media":1467,"parent":0,"menu_order":0,"comment_status":"open","ping_status":"closed","template":"","meta":{"footnotes":""},"class_list":["post-1459","page","type-page","status-publish","has-post-thumbnail","hentry"],"_links":{"self":[{"href":"https:\/\/adventistas.org.do\/index.php?rest_route=\/wp\/v2\/pages\/1459","targetHints":{"allow":["GET"]}}],"collection":[{"href":"https:\/\/adventistas.org.do\/index.php?rest_route=\/wp\/v2\/pages"}],"about":[{"href":"https:\/\/adventistas.org.do\/index.php?rest_route=\/wp\/v2\/types\/page"}],"author":[{"embeddable":true,"href":"https:\/\/adventistas.org.do\/index.php?rest_route=\/wp\/v2\/users\/1"}],"replies":[{"embeddable":true,"href":"https:\/\/adventistas.org.do\/index.php?rest_route=%2Fwp%2Fv2%2Fcomments&post=1459"}],"version-history":[{"count":6,"href":"https:\/\/adventistas.org.do\/index.php?rest_route=\/wp\/v2\/pages\/1459\/revisions"}],"predecessor-version":[{"id":1476,"href":"https:\/\/adventistas.org.do\/index.php?rest_route=\/wp\/v2\/pages\/1459\/revisions\/1476"}],"wp:featuredmedia":[{"embeddable":true,"href":"https:\/\/adventistas.org.do\/index.php?rest_route=\/wp\/v2\/media\/1467"}],"wp:attachment":[{"href":"https:\/\/adventistas.org.do\/index.php?rest_route=%2Fwp%2Fv2%2Fmedia&parent=1459"}],"curies":[{"name":"wp","href":"https:\/\/api.w.org\/{rel}","templated":true}]}}