{"id":158,"date":"2018-12-22T19:48:43","date_gmt":"2018-12-22T19:48:43","guid":{"rendered":"http:\/\/adventistas.org.do\/?page_id=158"},"modified":"2019-01-12T12:38:14","modified_gmt":"2019-01-12T12:38:14","slug":"servicios","status":"publish","type":"page","link":"https:\/\/adventistas.org.do\/?page_id=158","title":{"rendered":"Servicios"},"content":{"rendered":"\n<h2>MI MUNDO ES UN LUGAR DONDE LA GENTE ENCUENTRA ESPERANZA.<\/h2>\n<h3>Al describir un momento crucial en la vida de Jes\u00fas con sus disc\u00edpulos, la Biblia dice que Jes\u00fas \u201clos am\u00f3 hasta el fin\u201d (Juan 13:1).<\/h3>\n<p>\u00bfDe qu\u00e9 manera Jes\u00fas les mostr\u00f3 a sus disc\u00edpulos hasta qu\u00e9 punto pod\u00eda llegar ese amor? Al quitarse la t\u00fanica, ce\u00f1irse una toalla alrededor de su cintura e ir de disc\u00edpulo en disc\u00edpulo para lavarle los pies.<\/p>\n<p>El servicio es la demostraci\u00f3n suprema del amor.<\/p>\n<p>Al dejar de lado nuestras propias agendas, vivimos mediante el servicio nuestro compromiso con el bienestar de los dem\u00e1s, a menudo en perjuicio nuestro.<\/p>\n<p>La vida a menudo golpea duramente a algunos habitantes de nuestro mundo. Acaso una comunidad carece de agua potable, un ni\u00f1o no puede acceder a la educaci\u00f3n o una madre que lucha para proveer para sus hijos siente que no le quedan buenas opciones.<\/p>\n<p>Cada d\u00eda, el Esp\u00edritu de Dios motiva a las personas para que act\u00faen de manera altruista y desinteresada para cambiar el mundo que algunos enfrentan desde un lugar de desesperanza, para pasar en cambio a uno de esperanza.<\/p>\n<p>Los adventistas creen que la amonestaci\u00f3n de amar a Dios con toda nuestra mente, coraz\u00f3n y alma lleva naturalmente al compromiso de amar al pr\u00f3jimo mediante actos de bondad y servicio.<\/p>\n<p>Usted est\u00e1 invitado a descubrir algunas de las maneras por las cuales tratamos de cambiar el mundo. M\u00e1s a\u00fan, est\u00e1 invitado a unirse a nosotros y descubrir de qu\u00e9 manera quiere Dios que cambiemos el mundo por su medio.<\/p>\n<p>&nbsp;<\/p>\n<hr \/>\n<p><a href=\"http:\/\/adventistas.org.do\/?page_id=448\">OBRA HUMANITARIA<\/a><\/p>\n<a href=\"wp-content\/uploads\/2019\/01\/csm_service_0002_humanitarian_645651459a.jpg\" rel=\"http:\/\/adventistas.org.do\/?page_id=448\"><img loading=\"lazy\" decoding=\"async\" src=\"http:\/\/adventistas.org.do\/wp-content\/uploads\/2019\/01\/csm_service_0002_humanitarian_645651459a.jpg\" alt=\"\" width=\"150\" height=\"150\" \/><\/a>\n<h3><a href=\"http:\/\/adventistas.org.do\/?page_id=448\">Un llamado al servicio<\/a><\/h3>\n<p>Desde el establecimiento de la Obra Filantr\u00f3pica y Asistencia Social Adventista (OFASA) en 1956, la Iglesia Adventista ha dado una prioridad continua a la ayuda humanitaria y al desarrollo comunitario. Hoy d\u00eda, la obra humanitaria adventista llega a m\u00e1s de 120 pa\u00edses y sirve a decenas de millones de personas por a\u00f1o.<\/p>\n<p><a href=\"http:\/\/adventistas.org.do\/?page_id=448\">LEER M\u00c1S<\/a><\/p>\n<hr \/>\n<p><a href=\"http:\/\/adventistas.org.do\/?page_id=450\">LIBERTAD RELIGIOSA<\/a><\/p>\n<a href=\"wp-content\/uploads\/2019\/01\/csm_service_0001_religious-liberty_8b2774d7c0.jpg\" rel=\"http:\/\/adventistas.org.do\/?page_id=450\"><img loading=\"lazy\" decoding=\"async\" src=\"http:\/\/adventistas.org.do\/wp-content\/uploads\/2019\/01\/csm_service_0001_religious-liberty_8b2774d7c0.jpg\" alt=\"\" width=\"150\" height=\"150\" \/><\/a>\n<h3><a href=\"http:\/\/adventistas.org.do\/?page_id=450\">La libertad de creer<\/a><\/h3>\n<p>La Iglesia Adventista del S\u00e9ptimo D\u00eda cree fuertemente en la libertad religiosa para todas las personas. La conciencia de una persona, no el gobierno, deber\u00eda dictar sus elecciones de adoraci\u00f3n o de falta de ella.<\/p>\n<p><a href=\"http:\/\/adventistas.org.do\/?page_id=450\">LEER M\u00c1S<\/a><\/p>\n<h2>NUESTRAS CREENCIAS<\/h2>\n<p>Las creencias adventistas tienen el prop\u00f3sito de impregnar toda la vida. Surgen a partir de escrituras que presentan un retrato convincente de Dios, y nos invitan a explorar, experimentar y conocer a Aquel que desea restaurarnos a la plenitud.<\/p>\n<p><a href=\"http:\/\/adventistas.org.do\/?page_id=965\">LEER M\u00c1S<\/a><\/p>\n","protected":false},"excerpt":{"rendered":"","protected":false},"author":1,"featured_media":0,"parent":0,"menu_order":0,"comment_status":"closed","ping_status":"closed","template":"","meta":{"footnotes":""},"class_list":["post-158","page","type-page","status-publish","hentry"],"_links":{"self":[{"href":"https:\/\/adventistas.org.do\/index.php?rest_route=\/wp\/v2\/pages\/158","targetHints":{"allow":["GET"]}}],"collection":[{"href":"https:\/\/adventistas.org.do\/index.php?rest_route=\/wp\/v2\/pages"}],"about":[{"href":"https:\/\/adventistas.org.do\/index.php?rest_route=\/wp\/v2\/types\/page"}],"author":[{"embeddable":true,"href":"https:\/\/adventistas.org.do\/index.php?rest_route=\/wp\/v2\/users\/1"}],"replies":[{"embeddable":true,"href":"https:\/\/adventistas.org.do\/index.php?rest_route=%2Fwp%2Fv2%2Fcomments&post=158"}],"version-history":[{"count":7,"href":"https:\/\/adventistas.org.do\/index.php?rest_route=\/wp\/v2\/pages\/158\/revisions"}],"predecessor-version":[{"id":1022,"href":"https:\/\/adventistas.org.do\/index.php?rest_route=\/wp\/v2\/pages\/158\/revisions\/1022"}],"wp:attachment":[{"href":"https:\/\/adventistas.org.do\/index.php?rest_route=%2Fwp%2Fv2%2Fmedia&parent=158"}],"curies":[{"name":"wp","href":"https:\/\/api.w.org\/{rel}","templated":true}]}}