{"id":1808,"date":"2022-11-25T03:20:17","date_gmt":"2022-11-25T03:20:17","guid":{"rendered":"http:\/\/adventistas.org.do\/?page_id=1808"},"modified":"2023-02-23T01:15:52","modified_gmt":"2023-02-23T01:15:52","slug":"ministerio-de-salud","status":"publish","type":"page","link":"https:\/\/adventistas.org.do\/?page_id=1808","title":{"rendered":"MINISTERIO DE SALUD"},"content":{"rendered":"\n<img loading=\"lazy\" decoding=\"async\" src=\"http:\/\/adventistas.org.do\/wp-content\/uploads\/2022\/11\/Dra.-Maricela-Ramirez-1024x1024.jpeg\" alt=\"Dra. Maricela Ram\u00edrez\" itemprop=\"image\" height=\"1024\" width=\"1024\" title=\"Dra. Maricela Ram\u00edrez\" onerror=\"this.style.display='none'\">\n<h2>\n\t\tPiensa Saludable\n\t<\/h2>\n\t<h3>La Iglesia Adventista del S\u00e9ptimo D\u00eda reconoce la autonom\u00eda de cada individuo y la libertad de escoger que Dios ha dado a cada ser humano. En lugar de ordenar normas de conducta, los adventistas se hacen un llamado mutuo a vivir como ejemplos positivos del amor y el cuidado de Dios.<\/h3>\n<p>Parte de ese ejemplo incluye cuidar de nuestra salud. Creemos que Dios nos llama a cuidar de nuestros cuerpos, trat\u00e1ndolos con el respeto que se merece la creaci\u00f3n divina. La glotoner\u00eda y los excesos, aun de cosas buenas, pueden ser perjudiciales para la salud.<\/p>\n<p>Los adventistas creen que la clave para el bienestar se encuentra en una vida de equilibrio y temperancia. La naturaleza crea una gran cantidad de cosas buenas que llevan a disfrutar de una salud vibrante. Cuando se usan adecuadamente, el agua pura, el aire fresco y la luz del sol promueven una vida limpia y saludable.<\/p>\n<p>Hacer ejercicio y evitar las sustancias nocivas como el tabaco, el alcohol y las sustancias que afectan la mente lleva a tener mente clara y a tomar buenas decisiones. Una dieta vegetariana equilibrada que evite el consumo de carne, sumado a la ingesta de legumbres, granos integrales, nueces, frutas y verduras, y una fuente de vitamina B12, promueven la buena salud.<\/p>\n<p>Una salud de ese tipo es el don de un Dios amante que quiere que disfrutemos de una vida abundante. Cuando nos beneficiamos de un amor semejante, experimentamos un sentido de gratitud y aprecio hacia nuestro Creador.<\/p>\n<p>Como resultado de ello, los adventistas eligen alabar a Dios con una vida gozosa.<\/p>\n\t\t\t<a href=\"http:\/\/adventistas.org.do\/?nf_public_link=8gglc\" target=\"_self\" role=\"button\" rel=\"noopener\">\n\t\t\t\t\t\t\tSaber m\u00e1s\n\t\t\t<\/a>\n<h2>\n\t\tMisi\u00f3n\n\t<\/h2>\n\t<h4>El Departamento de Salud de la Iglesia Adventista del S\u00e9ptimo D\u00eda promueve un estilo de vida sano dentro de la iglesia y su entorno social. Estimula a sus miembros a ofrecer genuinamente y en cualquier lugar, un testimonio viviente que despierte un esp\u00edritu de investigaci\u00f3n y abra el camino de la acci\u00f3n del Esp\u00edritu Santo en la&nbsp;vida de las personas.<\/h4>\n<h2>\n\t\tDeclaraci\u00f3n de Filosof\u00eda\n\t<\/h2>\n\t<h4>La filosof\u00eda del departamento de Ministerios de Salud, est\u00e1 basada en la creencia fundamental de la plenitud del ser humano que es: El hombre creado, redimido y glorificado plenamente. Imitar a Jes\u00fas en su acercamiento y satisfacci\u00f3n de las necesidades de los que \u00c9l vino a salvar.<\/h4>\n<h2>\n\t\tObjetivos\n\t<\/h2>\n\t<h3>El departamento de Ministerios de Salud de la Uni\u00f3n Dominicana, propone los siguientes objetivos:<\/h3>\n<ul>\n<li>\n<h4>Promover, en preparaci\u00f3n para el regreso de nuestro Se\u00f1or Jesucristo, la salud f\u00edsica, mental, social y espiritual en cada uno de los niveles de la organizaci\u00f3n, como tambi\u00e9n en nuestras instituciones.<\/h4>\n<\/li>\n<li>\n<h4>Activar y formar en las iglesias educadores y promotores de la salud.<\/h4>\n<\/li>\n<li>\n<h4>Ministrar especialmente a la juventud adventista o no adventista, en su preparaci\u00f3n como futuros dirigentes de la iglesia y del mundo.<\/h4>\n<\/li>\n<li>\n<h4>Integrar activamente a los profesionales adventistas en el ministerio de salud y temperancia de la iglesia, anim\u00e1ndolos a ser, como prioridad de sus vidas, un testimonio de la ense\u00f1anza de la salud adventista.<\/h4>\n<\/li>\n<li>\n<h4>Buscar constantemente las maneras de alimentar el crecimiento y desarrollo de nuestras instituciones del cuidado de la salud, de manera que ellas puedan apoyar el ministerio de la iglesia, siendo que el sanamiento no significa solamente curar la enfermedad sino tambi\u00e9n sanar y salvar a las almas del estilo de vida pecaminoso y sus consecuencias.<\/h4>\n<\/li>\n<li>\n<h4>Integrar sistem\u00e1ticamente la ense\u00f1anza de la salud en el curr\u00edculo de los departamentos de Teolog\u00eda y Educaci\u00f3n de nuestros colegios y universidades, para as\u00ed preparar y equipar mejor a nuestros predicadores y educadores.<\/h4>\n<\/li>\n<li>\n<h4>Promover la salud de diferentes maneras. Instalar restaurantes vegetarianos, organizar, patrocinar y participar en manifestaciones, pac\u00edficas y p\u00fablicas contra el tabaco, el alcohol, las drogas, etc.<\/h4>\n<\/li>\n<li>\n<h4>Trabajar con otras organizaciones que promueven la salud, sin comprometer nuestra originalidad e identidad.<\/h4>\n<\/li>\n<\/ul>\n\t\t\t\t<img loading=\"lazy\" decoding=\"async\" src=\"http:\/\/adventistas.org.do\/wp-content\/uploads\/2022\/12\/international-team-of-doctors-having-morning-breef-2022-12-16-06-41-42-utc-scaled.jpg\" alt=\"Cheerful international team of doctors having morning breefing, male and female medical workers standing by window, chatting, african american woman therapist holding medical chart, taking notes\" itemprop=\"image\" height=\"1707\" width=\"2560\" title=\"International team of doctors having morning breefing\" onerror=\"this.style.display='none'\">\n<h2>\n\t\t<a href=\"http:\/\/adventistas.org.do\/?nf_public_link=8gglc\" title=\"Soy Voluntario\" target=\"_self\" rel=\"noopener\">\n\t\tSoy Voluntario\n\t\t<\/a>\n\t<\/h2>\n\t<p>\u00danete como uno de nuestros m\u00e9dicos voluntarios llenando el siguiente formulario y participa en los diferentes programas que desarrollamos a favor de la comunidad.<\/p>\n\t\t\t<a href=\"http:\/\/adventistas.org.do\/?nf_public_link=8gglc\" target=\"_self\" role=\"button\" rel=\"noopener\">\n\t\t\t\t\t\t\tRegistrarme\n\t\t\t<\/a>\n<h2>\n\t\tCalendario de Eventos\n\t<\/h2>\n\t<p>Quisque velit nisi, pretium ut lacinia in, elementum id enim. Curabitur non nulla sit amet nisl tempus convallis quis ac lectus. Proin eget tortor risus.<\/p>\n\t\t\t\t<img decoding=\"async\" src=\"https:\/\/lite.demos.wpbeaverbuilder.com\/wp-content\/uploads\/sites\/28\/2020\/02\/headway-5QgIuuBxKwM-unsplash-768x768-1.jpg\" alt=\"\" itemprop=\"image\" onerror=\"this.style.display='none'\">\n\t<p>Quisque velit nisi, pretium ut lacinia in, elementum id enim.<\/p>\n<p><a href=\"#\">Learn more<\/a><\/p>\n\t\t\t\t<img decoding=\"async\" src=\"https:\/\/lite.demos.wpbeaverbuilder.com\/wp-content\/uploads\/sites\/28\/2020\/02\/field-notes-768x768-1.jpg\" alt=\"\" itemprop=\"image\" onerror=\"this.style.display='none'\">\n\t<p>Quisque velit nisi, pretium ut lacinia in, elementum id enim.<\/p>\n<p><a href=\"#\">Learn more<\/a><\/p>\n\t\t\t\t<img decoding=\"async\" src=\"https:\/\/lite.demos.wpbeaverbuilder.com\/wp-content\/uploads\/sites\/28\/2020\/02\/photo-1529119368496-2dfda6ec2804-768x768-1.jpg\" alt=\"\" itemprop=\"image\" onerror=\"this.style.display='none'\">\n\t<p>Quisque velit nisi, pretium ut lacinia in, elementum id enim.<\/p>\n<p><a href=\"#\">Learn more<\/a><\/p>\n","protected":false},"excerpt":{"rendered":"","protected":false},"author":1,"featured_media":0,"parent":0,"menu_order":0,"comment_status":"closed","ping_status":"closed","template":"","meta":{"footnotes":""},"class_list":["post-1808","page","type-page","status-publish","hentry"],"_links":{"self":[{"href":"https:\/\/adventistas.org.do\/index.php?rest_route=\/wp\/v2\/pages\/1808","targetHints":{"allow":["GET"]}}],"collection":[{"href":"https:\/\/adventistas.org.do\/index.php?rest_route=\/wp\/v2\/pages"}],"about":[{"href":"https:\/\/adventistas.org.do\/index.php?rest_route=\/wp\/v2\/types\/page"}],"author":[{"embeddable":true,"href":"https:\/\/adventistas.org.do\/index.php?rest_route=\/wp\/v2\/users\/1"}],"replies":[{"embeddable":true,"href":"https:\/\/adventistas.org.do\/index.php?rest_route=%2Fwp%2Fv2%2Fcomments&post=1808"}],"version-history":[{"count":20,"href":"https:\/\/adventistas.org.do\/index.php?rest_route=\/wp\/v2\/pages\/1808\/revisions"}],"predecessor-version":[{"id":1983,"href":"https:\/\/adventistas.org.do\/index.php?rest_route=\/wp\/v2\/pages\/1808\/revisions\/1983"}],"wp:attachment":[{"href":"https:\/\/adventistas.org.do\/index.php?rest_route=%2Fwp%2Fv2%2Fmedia&parent=1808"}],"curies":[{"name":"wp","href":"https:\/\/api.w.org\/{rel}","templated":true}]}}