{"id":235,"date":"2018-12-22T19:48:43","date_gmt":"2018-12-22T19:48:43","guid":{"rendered":"http:\/\/adventistas.org.do\/?page_id=235"},"modified":"2019-01-12T13:08:41","modified_gmt":"2019-01-12T13:08:41","slug":"preguntas-frecuentes","status":"publish","type":"page","link":"https:\/\/adventistas.org.do\/?page_id=235","title":{"rendered":"INFORMACION"},"content":{"rendered":"\n<h2><a href=\"http:\/\/adventistas.org.do\/?page_id=469\">IDENTIDAD<\/a><\/h2>\n<p>La elecci\u00f3n del logotipo de la Iglesia Adventista refleja los valores centrales con los cuales los adventistas est\u00e1n comprometidos.<\/p>\n<p><a href=\"http:\/\/adventistas.org.do\/?page_id=469\">LEER M\u00c1S<\/a><\/p>\n<hr \/>\n<h2><a href=\"http:\/\/www.adventistdirectory.org\">DIRECTORIOS<\/a><\/h2>\n<p>Busque informaci\u00f3n actualizada sobre instituciones de la Iglesia Adventista: iglesias, escuelas, hospitales, librer\u00edas, bibliotecas, universidades, divisiones, uniones, asociaciones, misiones, ADRA, orfanatos, estaciones de radio.<\/p>\n<p><a href=\"http:\/\/www.adventistdirectory.org\">LEER M\u00c1S<\/a><\/p>\n<hr \/>\n<h2><a href=\"http:\/\/adventistas.org.do\/?page_id=691\">HISTORIA<\/a><\/h2>\n<p>Aunque los adventistas del s\u00e9ptimo d\u00eda surgieron dentro de un movimiento apocal\u00edptico que enfatizaba la cercan\u00eda del segundo advenimiento, su herencia \u201ccristiana\u201d enfatiz\u00f3 las implicaciones para la vida real del ministerio del Salvador.<\/p>\n<p><a href=\"http:\/\/adventistas.org.do\/?page_id=691\">LEER M\u00c1S<\/a><\/p>\n<hr \/>\n<h2><a href=\"https:\/\/www.adventist.org\/es\/informacion\/estadisticas\/articulo\/go\/-\/estadisticas-2011-de-la-iglesia-adventista-del-septimo-dia-mundial\/\">ESTAD\u00cdSTICAS<\/a><\/h2>\n<p>Informaci\u00f3n estad\u00edstica general sobre la Iglesia Adventista del S\u00e9ptimo d\u00eda.<\/p>\n<p><a href=\"https:\/\/www.adventist.org\/es\/informacion\/estadisticas\/articulo\/go\/-\/estadisticas-2011-de-la-iglesia-adventista-del-septimo-dia-mundial\/\">LEER M\u00c1S<\/a><\/p>\n<hr \/>\n<h2><a href=\"https:\/\/www.adventist.org\/es\/informacion\/encuentros\/\">ENCUENTROS<\/a><\/h2>\n<p>El Congreso de la Asociaci\u00f3n General es el foro donde se eligen los directivos de la iglesia mundial y se votan cambios a la Constituci\u00f3n de la iglesia. Los delegados tambi\u00e9n escuchan informes de cada una de las 13 regiones administrativas de la iglesia.<\/p>\n<p><a href=\"https:\/\/www.adventist.org\/es\/informacion\/encuentros\/\">LEER M\u00c1S<\/a><\/p>\n<hr \/>\n<h2><a href=\"http:\/\/adventistas.org.do\/?calendar=calendario-de-eventos\">D\u00cdAS ESPECIALES<\/a><\/h2>\n<p>Puede que vivan y adoren en lugares bien apartados, pero los m\u00e1s de 17 millones de adventistas del mundo no son solo una comunidad de fe, sino tambi\u00e9n una familia.<\/p>\n<p><a href=\"http:\/\/adventistas.org.do\/?calendar=calendario-de-eventos\">LEER M\u00c1S<\/a><\/p>\n<hr \/>\n<h2><a href=\"http:\/\/adventistas.org.do\/wp-content\/uploads\/2018\/12\/Manual-de-la-Iglesia-Adventista-19-Revision-Revision-2015.pdf\">MANUAL DE LA IGLESIA<\/a><\/h2>\n<p>The Church Manual describes the governance, operations and functions of local churches.<\/p>\n<p><a href=\"https:\/\/www.adventist.org\/es\/informacion\/es\/informacion\/church-manual\/\">LEER M\u00c1S<\/a><\/p>\n<hr \/>\n<h2><a href=\"http:\/\/adventistas.org.do\/wp-content\/uploads\/2018\/12\/Declaraciones__Orientaciones_Y_Otros_Documentos.pdf\">DECLARACIONES OFICIALES<\/a><\/h2>\n<p>Estas preguntas provienen de los creyentes adventistas mismos, los pastores de iglesia y tambi\u00e9n del p\u00fablico en general o los medios.<\/p>\n<p><a href=\"http:\/\/adventistas.org.do\/wp-content\/uploads\/2018\/12\/Declaraciones__Orientaciones_Y_Otros_Documentos.pdf\">LEER M\u00c1S<\/a><\/p>\n<h2>NUESTRAS CREENCIAS<\/h2>\n<p>Las creencias adventistas tienen el prop\u00f3sito de impregnar toda la vida. Surgen a partir de escrituras que presentan un retrato convincente de Dios, y nos invitan a explorar, experimentar y conocer a Aquel que desea restaurarnos a la plenitud.<\/p>\n<p><a href=\"http:\/\/adventistas.org.do\/?page_id=965\">LEER M\u00c1S<\/a><\/p>\n","protected":false},"excerpt":{"rendered":"","protected":false},"author":1,"featured_media":0,"parent":0,"menu_order":0,"comment_status":"closed","ping_status":"closed","template":"","meta":{"footnotes":""},"class_list":["post-235","page","type-page","status-publish","hentry"],"_links":{"self":[{"href":"https:\/\/adventistas.org.do\/index.php?rest_route=\/wp\/v2\/pages\/235","targetHints":{"allow":["GET"]}}],"collection":[{"href":"https:\/\/adventistas.org.do\/index.php?rest_route=\/wp\/v2\/pages"}],"about":[{"href":"https:\/\/adventistas.org.do\/index.php?rest_route=\/wp\/v2\/types\/page"}],"author":[{"embeddable":true,"href":"https:\/\/adventistas.org.do\/index.php?rest_route=\/wp\/v2\/users\/1"}],"replies":[{"embeddable":true,"href":"https:\/\/adventistas.org.do\/index.php?rest_route=%2Fwp%2Fv2%2Fcomments&post=235"}],"version-history":[{"count":6,"href":"https:\/\/adventistas.org.do\/index.php?rest_route=\/wp\/v2\/pages\/235\/revisions"}],"predecessor-version":[{"id":1032,"href":"https:\/\/adventistas.org.do\/index.php?rest_route=\/wp\/v2\/pages\/235\/revisions\/1032"}],"wp:attachment":[{"href":"https:\/\/adventistas.org.do\/index.php?rest_route=%2Fwp%2Fv2%2Fmedia&parent=235"}],"curies":[{"name":"wp","href":"https:\/\/api.w.org\/{rel}","templated":true}]}}