{"id":418,"date":"2018-12-23T00:24:49","date_gmt":"2018-12-23T00:24:49","guid":{"rendered":"http:\/\/adventistas.org.do\/?page_id=418"},"modified":"2019-01-12T17:06:21","modified_gmt":"2019-01-12T17:06:21","slug":"el-sabado","status":"publish","type":"page","link":"https:\/\/adventistas.org.do\/?page_id=418","title":{"rendered":"EL S\u00c1BADO"},"content":{"rendered":"\n\t<p><\/p>\n<h2 class=\"wp-block-heading\">UNA CITA SEMANAL CON DIOS<\/h2>\n<p><\/p>\n<p><\/p>\n<h3 class=\"wp-block-heading\">Aunque \u201c\u00a1Estoy ocupado!\u201d ha llegado a ser la frase m\u00e1s com\u00fan del siglo XXI, que a menudo es \u201cuna jactancia disfrazada de queja\u201d[1], los cient\u00edficos est\u00e1n descubriendo que tenemos un mejor desempe\u00f1o y logramos m\u00e1s si nos tomamos un descanso.[2], [3]<\/h3>\n<p><\/p>\n<p><\/p>\n<p>Los adventistas del s\u00e9ptimo d\u00eda creemos que Dios nos dio el secreto para dar lo mejor de nosotros cuando nos dijo: \u201cAcu\u00e9rdate del s\u00e1bado [\u2026] pero el s\u00e9ptimo d\u00eda es de reposo [\u2026] no hagas en \u00e9l obra alguna\u201d (\u00c9xodo 20:8-10).<\/p>\n<p><\/p>\n<p><\/p>\n<p>Para adventistas como Natalie Nawaikalou, el s\u00e1bado es el d\u00eda que aguarda con ansias toda la semana. \u201cEs el d\u00eda cuando no tengo que levantarme a las 5.00 para correr al trabajo, agotada por el tr\u00e1fico y las ocupaciones\u201d, dice Natalie, una maestra de escuela primaria que pasa tres horas por d\u00eda viajando al trabajo. \u201cEs el d\u00eda en el que puedo dedicar todo el tiempo que quiero para estar con Dios, su Palabra, su creaci\u00f3n y su pueblo, y no me siento culpable porque no estoy por all\u00ed haciendo alguna otra cosa\u201d.<\/p>\n<p><\/p>\n<p><\/p>\n<p>Cada semana, los adventistas tienen una cita especial con Dios, un descanso sin culpas del trabajo, un d\u00eda completo para profundizar nuestra amistad con el Creador del universo.<\/p>\n<p><\/p>\n<p><\/p>\n<hr \/>\n<p><\/p>\n<p><\/p>\n<p>[1] Tim Kreider, \u201cThe \u2018busy\u2019 trap\u201d, en\u00a0<em>The New York Times<\/em>, 30 de junio de 2012. [2] Nicky Phillips, \u201cTaking a break is secret to success\u201d, en<em>Sydney Morning Herald<\/em>, 16 de agosto de 2012. [3] Adam Gorlick, \u201cMedia multitaskers pay mental price, Stanford study shows\u201d, en <em>Stanford Report<\/em>, 24 de agosto de 2009.<\/p>\n<p><\/p>\n\t<p><\/p>\n<h2 class=\"wp-block-heading\">NUESTRAS CREENCIAS<\/h2>\n<p>Las creencias adventistas tienen el prop\u00f3sito de impregnar toda la vida. Surgen a partir de escrituras que presentan un retrato convincente de Dios, y nos invitan a explorar, experimentar y conocer a Aquel que desea restaurarnos a la plenitud.<\/p>\n<p><a href=\"http:\/\/adventistas.org.do\/?page_id=965\">LEER M\u00c1S<\/a><\/p>\n<p><\/p>\n","protected":false},"excerpt":{"rendered":"","protected":false},"author":1,"featured_media":0,"parent":0,"menu_order":0,"comment_status":"closed","ping_status":"closed","template":"","meta":{"footnotes":""},"class_list":["post-418","page","type-page","status-publish","hentry"],"_links":{"self":[{"href":"https:\/\/adventistas.org.do\/index.php?rest_route=\/wp\/v2\/pages\/418","targetHints":{"allow":["GET"]}}],"collection":[{"href":"https:\/\/adventistas.org.do\/index.php?rest_route=\/wp\/v2\/pages"}],"about":[{"href":"https:\/\/adventistas.org.do\/index.php?rest_route=\/wp\/v2\/types\/page"}],"author":[{"embeddable":true,"href":"https:\/\/adventistas.org.do\/index.php?rest_route=\/wp\/v2\/users\/1"}],"replies":[{"embeddable":true,"href":"https:\/\/adventistas.org.do\/index.php?rest_route=%2Fwp%2Fv2%2Fcomments&post=418"}],"version-history":[{"count":5,"href":"https:\/\/adventistas.org.do\/index.php?rest_route=\/wp\/v2\/pages\/418\/revisions"}],"predecessor-version":[{"id":1102,"href":"https:\/\/adventistas.org.do\/index.php?rest_route=\/wp\/v2\/pages\/418\/revisions\/1102"}],"wp:attachment":[{"href":"https:\/\/adventistas.org.do\/index.php?rest_route=%2Fwp%2Fv2%2Fmedia&parent=418"}],"curies":[{"name":"wp","href":"https:\/\/api.w.org\/{rel}","templated":true}]}}