{"id":427,"date":"2018-12-23T00:35:54","date_gmt":"2018-12-23T00:35:54","guid":{"rendered":"http:\/\/adventistas.org.do\/?page_id=427"},"modified":"2019-01-12T15:46:24","modified_gmt":"2019-01-12T15:46:24","slug":"la-oracion","status":"publish","type":"page","link":"https:\/\/adventistas.org.do\/?page_id=427","title":{"rendered":"LA ORACI\u00d3N"},"content":{"rendered":"\n\t<p><\/p>\n<h2 class=\"wp-block-heading\">LA CONEXI\u00d3N DIRECTA CON DIOS<\/h2>\n<p><\/p>\n<p><\/p>\n<h3 class=\"wp-block-heading\">La oraci\u00f3n es el simple acto de conversar con Dios. Significa hablar con el Creador del Universo: ya sea en voz audible o con el pensamiento, durante momentos especiales o comunes, cuando estamos en movimiento o antes de ir a la cama. Es el privilegio que tenemos como sus hijos, una conexi\u00f3n directa con Dios. No hacen falta mensajes de voz, ni llamadas en espera.<\/h3>\n<p><\/p>\n<p><\/p>\n<p>Algunos ven la oraci\u00f3n como una conversaci\u00f3n en sentido \u00fanico o, lo que es peor, una conversaci\u00f3n con uno mismo. No obstante, los estudios han mostrado que la oraci\u00f3n no solo mejora nuestra calidad de vida (1), sino que en realidad tiene el poder de sanar.<\/p>\n<p>Los cient\u00edficos dicen que las interacciones con Dios por medio de la oraci\u00f3n nos dan la capacidad de manejar mejor nuestras emociones negativas (2) y reducir la agresi\u00f3n hacia otras personas (3).<\/p>\n<p><\/p>\n<p><\/p>\n<p>Seg\u00fan los investigadores Marek Jantos y Hosen Kiat (4), \u201c[La oraci\u00f3n] deber\u00eda ser reconocida como un importante recurso para enfrentar el dolor y la enfermedad, y para mejor la salud y el bienestar general\u201d. La Biblia promete incluso que cuando oramos, experimentaremos \u201cla paz de Dios, que sobrepasa todo entendimiento\u201d (Filipenses 4:7).<\/p>\n<p><\/p>\n<p><\/p>\n<p>A pesar de ello, los adventistas del s\u00e9ptimo d\u00eda no oran tan solo por causa de su salud y bienestar. Como lo expres\u00f3 la escritora cristiana Elena White, \u201cla oraci\u00f3n es el acto de abrir el coraz\u00f3n a Dios como a un amigo\u201d.<\/p>\n<p><\/p>\n<p><\/p>\n<p>Es lo que motiva y desarrolla nuestra relaci\u00f3n con \u00e9l, y cuando dedicamos tiempo a hablar directamente con Dios, descubrimos que \u00e9l se toma tiempo de responder, y nos transforma con su amor.<\/p>\n<p><\/p>\n<p><\/p>\n<hr \/>\n<p><\/p>\n<p><\/p>\n<p>[1] University of Cincinnati, \u201cIntegrative Medicine, Spirituality Improves Outcomes in Urban Adolescents With Asthma\u201d, 14 de abril de 2011.<\/p>\n<p><\/p>\n<p><\/p>\n<p>[2] Shane Sharp, \u201cHow does prayer help manage emotions\u201d, en\u00a0<em>Social Psychology Quarterly<\/em>, Diciembre 2010.<\/p>\n<p><\/p>\n<p><\/p>\n<p>[3] Ryan Bremner, \u201cPray for those who mistreat you: effects of prayer on anger and aggression\u201d, en\u00a0<em>Personality and Social Psychology Bulletin<\/em>, 18 de marzo de 2011.<\/p>\n<p><\/p>\n<p><\/p>\n<p>[4] Marek Jantos y Hosen Kiat, \u201cPrayer as medicine: how much have we learned?\u201d, en\u00a0<em>The Medical Journal of Australia<\/em>, 2007.<\/p>\n<p><\/p>\n<h2>NUESTRAS CREENCIAS<\/h2>\n<p>Las creencias adventistas tienen el prop\u00f3sito de impregnar toda la vida. Surgen a partir de escrituras que presentan un retrato convincente de Dios, y nos invitan a explorar, experimentar y conocer a Aquel que desea restaurarnos a la plenitud.<\/p>\n<p><a href=\"http:\/\/adventistas.org.do\/?page_id=965\">LEER M\u00c1S<\/a><\/p>\n","protected":false},"excerpt":{"rendered":"","protected":false},"author":1,"featured_media":0,"parent":0,"menu_order":0,"comment_status":"closed","ping_status":"closed","template":"","meta":{"footnotes":""},"class_list":["post-427","page","type-page","status-publish","hentry"],"_links":{"self":[{"href":"https:\/\/adventistas.org.do\/index.php?rest_route=\/wp\/v2\/pages\/427","targetHints":{"allow":["GET"]}}],"collection":[{"href":"https:\/\/adventistas.org.do\/index.php?rest_route=\/wp\/v2\/pages"}],"about":[{"href":"https:\/\/adventistas.org.do\/index.php?rest_route=\/wp\/v2\/types\/page"}],"author":[{"embeddable":true,"href":"https:\/\/adventistas.org.do\/index.php?rest_route=\/wp\/v2\/users\/1"}],"replies":[{"embeddable":true,"href":"https:\/\/adventistas.org.do\/index.php?rest_route=%2Fwp%2Fv2%2Fcomments&post=427"}],"version-history":[{"count":3,"href":"https:\/\/adventistas.org.do\/index.php?rest_route=\/wp\/v2\/pages\/427\/revisions"}],"predecessor-version":[{"id":1079,"href":"https:\/\/adventistas.org.do\/index.php?rest_route=\/wp\/v2\/pages\/427\/revisions\/1079"}],"wp:attachment":[{"href":"https:\/\/adventistas.org.do\/index.php?rest_route=%2Fwp%2Fv2%2Fmedia&parent=427"}],"curies":[{"name":"wp","href":"https:\/\/api.w.org\/{rel}","templated":true}]}}