{"id":429,"date":"2018-12-23T00:36:45","date_gmt":"2018-12-23T00:36:45","guid":{"rendered":"http:\/\/adventistas.org.do\/?page_id=429"},"modified":"2019-01-12T15:48:39","modified_gmt":"2019-01-12T15:48:39","slug":"la-profecia","status":"publish","type":"page","link":"https:\/\/adventistas.org.do\/?page_id=429","title":{"rendered":"LA PROFEC\u00cdA"},"content":{"rendered":"\n\t<p><\/p>\n<h2 class=\"wp-block-heading\">LA CONVERSACI\u00d3N CONTINUA DE DIOS<\/h2>\n<p><\/p>\n<p><\/p>\n<h3 class=\"wp-block-heading\">La globalizaci\u00f3n y los cada vez m\u00e1s numerosos medios de viaje facilitan que los seres queridos vivan lejos. Las relaciones a larga distancia son cada vez m\u00e1s comunes, ya sea entre socios separados por trabajo, un hijo que se muda a otro lugar para estudiar, o los amigos que contraen matrimonio con gente de diferentes ciudades.<\/h3>\n<p><\/p>\n<p><\/p>\n<p>No resulta sorprendente, Skype ha llegado a ser una de las herramientas m\u00e1s populares de Internet. En mayo del a\u00f1o pasado, la compa\u00f1\u00eda anunci\u00f3 un hito: 35 millones de usuarios al mismo tiempo, solo una semana despu\u00e9s de haber alcanzado los 34 millones de usuarios[1].<\/p>\n<p><\/p>\n<p><\/p>\n<p>En lo que respecta a nuestros seres queridos, queremos estar en contacto, m\u00e1s all\u00e1 de la distancia. Aunque los adventistas del s\u00e9ptimo d\u00eda creen que la profec\u00eda es una \u201cpredicci\u00f3n de lo que suceder\u00e1 en el futuro\u201d,[2] tambi\u00e9n sabemos que tiene que ver con mucho m\u00e1s: tiene que ver con el profundo deseo divino de estar el contacto con los que ama, es decir, con nosotros.<\/p>\n<p><\/p>\n<p><\/p>\n<p>A lo largo de la historia, Dios us\u00f3 a los profetas para consolar a sus amados hijos y darles orientaci\u00f3n, instrucci\u00f3n y correcci\u00f3n. Cuando perdieron el camino, les envi\u00f3 \u201cprofetas para que los hicieran volver a Jehov\u00e1\u201d.[3] Cuando comenzaron a desesperar, les envi\u00f3 profetas para animarlos.[4] Y cuando necesitaban hablar con alguien, Dios escuch\u00f3 y respondi\u00f3 mediante sus profetas.[5]<\/p>\n<p><\/p>\n<p><\/p>\n<p>Los profetas de Dios son sus mensajeros, designados para hablar sus palabras.[6] La naturaleza humana torn\u00f3 imposible que veamos a Dios cara a cara. Pero solo porque tengamos que mantener la distancia no significa que \u00e9l tiene que permanecer silencioso.<\/p>\n<p><\/p>\n<p><\/p>\n<p>Los adventistas creen que las profec\u00edas son la manera que tiene Dios que continuar dialogando con nosotros. Y en \u00faltimo t\u00e9rmino, es el esp\u00edritu de profec\u00eda quien da testimonio de Jes\u00fas [7], el ep\u00edtome del mensaje de amor de Dios, de que \u00e9l habr\u00eda de morir por nosotros para salvarnos.<\/p>\n<p><\/p>\n<p><\/p>\n<hr\/>\n\n<p><\/p>\n<ol class=\"wp-block-list\">\n<li><a href=\"https:\/\/blogs.skype.com\/2012\/03\/05\/35-million-people-concurrently\/#fbid=AA_zlGl1ve9\" target=\"_blank\" rel=\"noreferrer noopener\">blogs.skype.com\/2012\/03\/05\/35-million-people-concurrently\/<\/a><\/li>\n<li>www.oxforddictionaries.com<\/li>\n<li>2 Cr\u00f3nicas 24:19<\/li>\n<li>2 Cr\u00f3nicas 15:1-8<\/li>\n<li>Libro de Habacuc<\/li>\n<li>Deuteronomio 18:18<\/li>\n<li>V\u00e9ase Apocalipsis 19:10<\/li>\n<\/ol>\n<p><\/p>\n<h2>NUESTRAS CREENCIAS<\/h2>\n<p>Las creencias adventistas tienen el prop\u00f3sito de impregnar toda la vida. Surgen a partir de escrituras que presentan un retrato convincente de Dios, y nos invitan a explorar, experimentar y conocer a Aquel que desea restaurarnos a la plenitud.<\/p>\n<p><a href=\"http:\/\/adventistas.org.do\/?page_id=965\">LEER M\u00c1S<\/a><\/p>\n","protected":false},"excerpt":{"rendered":"","protected":false},"author":1,"featured_media":0,"parent":0,"menu_order":0,"comment_status":"closed","ping_status":"closed","template":"","meta":{"footnotes":""},"class_list":["post-429","page","type-page","status-publish","hentry"],"_links":{"self":[{"href":"https:\/\/adventistas.org.do\/index.php?rest_route=\/wp\/v2\/pages\/429","targetHints":{"allow":["GET"]}}],"collection":[{"href":"https:\/\/adventistas.org.do\/index.php?rest_route=\/wp\/v2\/pages"}],"about":[{"href":"https:\/\/adventistas.org.do\/index.php?rest_route=\/wp\/v2\/types\/page"}],"author":[{"embeddable":true,"href":"https:\/\/adventistas.org.do\/index.php?rest_route=\/wp\/v2\/users\/1"}],"replies":[{"embeddable":true,"href":"https:\/\/adventistas.org.do\/index.php?rest_route=%2Fwp%2Fv2%2Fcomments&post=429"}],"version-history":[{"count":3,"href":"https:\/\/adventistas.org.do\/index.php?rest_route=\/wp\/v2\/pages\/429\/revisions"}],"predecessor-version":[{"id":1080,"href":"https:\/\/adventistas.org.do\/index.php?rest_route=\/wp\/v2\/pages\/429\/revisions\/1080"}],"wp:attachment":[{"href":"https:\/\/adventistas.org.do\/index.php?rest_route=%2Fwp%2Fv2%2Fmedia&parent=429"}],"curies":[{"name":"wp","href":"https:\/\/api.w.org\/{rel}","templated":true}]}}