{"id":434,"date":"2018-12-23T00:39:42","date_gmt":"2018-12-23T00:39:42","guid":{"rendered":"http:\/\/adventistas.org.do\/?page_id=434"},"modified":"2020-04-11T14:49:22","modified_gmt":"2020-04-11T14:49:22","slug":"los-ninos","status":"publish","type":"page","link":"https:\/\/adventistas.org.do\/?page_id=434","title":{"rendered":"LOS NI\u00d1OS"},"content":{"rendered":"\n\t<p><\/p>\n<h2 class=\"wp-block-heading\">EDIFICAR TODA UNA VIDA DESDE EL MISMO COMIENZO<\/h2>\n<p><\/p>\n<p><\/p>\n<h3 class=\"wp-block-heading\">Jes\u00fas hizo una profunda declaraci\u00f3n sobre los ni\u00f1os cuando dijo a sus disc\u00edpulos: \u201cDejad a los ni\u00f1os venir a m\u00ed y no se lo impid\u00e1is, porque de los tales es el reino de Dios\u201d (Lucas 18:16). Aunque los disc\u00edpulos tem\u00edan que los ni\u00f1os pod\u00edan molestar a Jes\u00fas, el Salvador los abraz\u00f3 y afirm\u00f3 el valor de ellos.<\/h3>\n<p><\/p>\n<p><\/p>\n<p>El sabio rey Salom\u00f3n dijo: \u201cHerencia de Jehov\u00e1 son los hijos\u201d (Salmos 127:3). Los adventistas del s\u00e9ptimo d\u00eda est\u00e1n de acuerdo con esto, por lo que crean un ambiente que favorece el desarrollo de los ni\u00f1os, por medio de clubes de j\u00f3venes, campamentos de verano y eventos al aire libre, encuentros internacionales de j\u00f3venes, programas semanales de Escuela Sab\u00e1tica, viajes misioneros, Escuelas B\u00edblicas de Vacaciones, y un sistema educativo de calidad desde el nivel primario hasta el universitario.<\/p>\n<p><\/p>\n<p><\/p>\n<p>Salom\u00f3n tambi\u00e9n ofreci\u00f3 este consejo a los padres: \u201cInstruye al ni\u00f1o en su camino,\u00a0y ni aun de viejo se apartar\u00e1 de \u00e9l\u201d (Proverbios 22:6). La iglesia apoya a los padres mediante programas y publicaciones, enfatizando la importancia de la capacitaci\u00f3n temprana de los ni\u00f1os.<\/p>\n<p>El enfoque adventista de crianza de los ni\u00f1os se enfoca en el crecimiento espiritual. Pero tambi\u00e9n enfatiza elecciones saludables de estilo de vida y aprendizaje intelectual que lleven al servicio \u00fatil en la comunidad y el mundo.<\/p>\n<p><\/p>\n<p><\/p>\n<p>Los ni\u00f1os son un don que debe ser devuelto a Dios. Como lo expres\u00f3 Elena White, una de las fundadoras de la iglesia: \u201cLos padres y las madres deben considerar a sus hijos como miembros m\u00e1s j\u00f3venes de la familia del Se\u00f1or, a ellos confiados para que los eduquen para el cielo\u201d\u00a0(<em>El Deseado de todas las gentes<\/em>, p. 474).<\/p>\n<p><a href=\"https:\/\/webcast.interamerica.org\/espanol\">Saber m\u00e1s<\/a><\/p>\n<p><\/p>\n\t<p><\/p>\n<h2 class=\"wp-block-heading\">NUESTRAS CREENCIAS<\/h2>\n<p>Las creencias adventistas tienen el prop\u00f3sito de impregnar toda la vida. Surgen a partir de escrituras que presentan un retrato convincente de Dios, y nos invitan a explorar, experimentar y conocer a Aquel que desea restaurarnos a la plenitud.<\/p>\n<p><a href=\"http:\/\/adventistas.org.do\/?page_id=965\">LEER M\u00c1S<\/a><\/p>\n<p><\/p>\n","protected":false},"excerpt":{"rendered":"","protected":false},"author":1,"featured_media":0,"parent":0,"menu_order":0,"comment_status":"closed","ping_status":"closed","template":"","meta":{"footnotes":""},"class_list":["post-434","page","type-page","status-publish","hentry"],"_links":{"self":[{"href":"https:\/\/adventistas.org.do\/index.php?rest_route=\/wp\/v2\/pages\/434","targetHints":{"allow":["GET"]}}],"collection":[{"href":"https:\/\/adventistas.org.do\/index.php?rest_route=\/wp\/v2\/pages"}],"about":[{"href":"https:\/\/adventistas.org.do\/index.php?rest_route=\/wp\/v2\/types\/page"}],"author":[{"embeddable":true,"href":"https:\/\/adventistas.org.do\/index.php?rest_route=\/wp\/v2\/users\/1"}],"replies":[{"embeddable":true,"href":"https:\/\/adventistas.org.do\/index.php?rest_route=%2Fwp%2Fv2%2Fcomments&post=434"}],"version-history":[{"count":6,"href":"https:\/\/adventistas.org.do\/index.php?rest_route=\/wp\/v2\/pages\/434\/revisions"}],"predecessor-version":[{"id":1379,"href":"https:\/\/adventistas.org.do\/index.php?rest_route=\/wp\/v2\/pages\/434\/revisions\/1379"}],"wp:attachment":[{"href":"https:\/\/adventistas.org.do\/index.php?rest_route=%2Fwp%2Fv2%2Fmedia&parent=434"}],"curies":[{"name":"wp","href":"https:\/\/api.w.org\/{rel}","templated":true}]}}