{"id":437,"date":"2018-12-23T00:40:42","date_gmt":"2018-12-23T00:40:42","guid":{"rendered":"http:\/\/adventistas.org.do\/?page_id=437"},"modified":"2023-06-22T18:11:23","modified_gmt":"2023-06-22T18:11:23","slug":"los-jovenes","status":"publish","type":"page","link":"https:\/\/adventistas.org.do\/?page_id=437","title":{"rendered":"LOS J\u00d3VENES"},"content":{"rendered":"\n\n\t<p><\/p>\n<h2 class=\"wp-block-heading\">ACU\u00c9RDATE DE TU CREADOR<\/h2>\n<p><\/p>\n<p><\/p>\n<h3 class=\"wp-block-heading\">La Iglesia Adventista del S\u00e9ptimo D\u00eda comenz\u00f3 de manera similar que un emprendimiento de Silicon Valley, dirigida por j\u00f3venes que ten\u00edan visi\u00f3n y entusiasmo por una causa. Gente como Elena White, John Loughborough, J. N. Andrews, Ur\u00edas Smith y John Harvey Kellogg tuvieron un impacto significativo en el desarrollo de la Iglesia Adventista del S\u00e9ptimo D\u00eda mientras a\u00fan eran adolescentes y j\u00f3venes.<\/h3>\n<p><\/p>\n<p><\/p>\n<p>Hoy d\u00eda, la juventud sigue ejerciendo un impacto y dando energ\u00edas a las Iglesia Adventista del S\u00e9ptimo D\u00eda. En efecto, los j\u00f3venes menores de 30 a\u00f1os comprenden alrededor del 75 por ciento de la feligres\u00eda mundial adventista.<\/p>\n<p><\/p>\n<p><\/p>\n<p>La iglesia alimenta y capacita a sus miembros j\u00f3venes, no solo a nivel local sino mediante el Departamento de Ministerios J\u00f3venes de la iglesia mundial, que supervisa los ministerios para grupos etarios espec\u00edficos. \u00abAventureros\u00bb es un club para ni\u00f1os de 6 a 9 a\u00f1os, y cuenta con un mill\u00f3n de miembros en todo el mundo.<\/p>\n<p>El club de \u00abConquistadores\u00bb, con dos millones de miembros, est\u00e1 destinado a los j\u00f3venes de entre 10 a 15 a\u00f1os. El club de \u00abCentinelas\u00bb busca satisfacer las necesidades espirituales, sociales y de estilo de vida de los j\u00f3venes de 16 a poco m\u00e1s de los 20. La Sociedad de J\u00f3venes, creada por j\u00f3venes para los j\u00f3venes hace m\u00e1s de 125 a\u00f1os, ahora vincula a diez millones de j\u00f3venes en cada continente del planeta.<\/p>\n<p><\/p>\n<p><\/p>\n<p>La declaraci\u00f3n de misi\u00f3n del Departamento de Ministerios J\u00f3venes refleja su \u00e9nfasis en el servicio y su confianza en las capacidades de la generaci\u00f3n m\u00e1s joven: \u00abLlevar a los j\u00f3venes a una relaci\u00f3n de salvaci\u00f3n con Jesucristo y ayudarlos a abrazar el llamado divino al discipulado\u00bb.<\/p>\n<p><\/p>\n<p><\/p>\n<p>La Iglesia Adventista del S\u00e9ptimo D\u00eda se dedica a los j\u00f3venes porque est\u00e1 en deuda con ellos por sus comienzos y depende de ellos para su futuro.<\/p>\n<p><\/p>\n\t<p><\/p>\n<h2 class=\"wp-block-heading\">NUESTRAS CREENCIAS<\/h2>\n<p>Las creencias adventistas tienen el prop\u00f3sito de impregnar toda la vida. Surgen a partir de escrituras que presentan un retrato convincente de Dios, y nos invitan a explorar, experimentar y conocer a Aquel que desea restaurarnos a la plenitud.<\/p>\n<p><a href=\"http:\/\/adventistas.org.do\/?page_id=965\">LEER M\u00c1S<\/a><\/p>\n<p><\/p>\n\t<p><a href=\"http:\/\/adventistas.org.do\/wp-content\/uploads\/2023\/06\/Libro-de-programas-UD-2023.pdf\">Libro de Programas UD 2023<\/a><a href=\"http:\/\/adventistas.org.do\/wp-content\/uploads\/2023\/06\/Portada1.jpeg\"><img loading=\"lazy\" decoding=\"async\" src=\"http:\/\/adventistas.org.do\/wp-content\/uploads\/2023\/06\/Portada1-300x115.jpeg\" alt=\"\" width=\"615\" height=\"236\" \/><\/a><\/p>\n\t<p><a href=\"http:\/\/adventistas.org.do\/wp-content\/uploads\/2023\/06\/Libro-de-Prorgramas-JA-2do.-Semestre.pdf\">Libro de Prorgramas UD 2do. Semestre<\/a><a href=\"http:\/\/adventistas.org.do\/wp-content\/uploads\/2023\/06\/Libro-de-Prorgramas-JA-2do.-Semestre.pdf\"><img loading=\"lazy\" decoding=\"async\" src=\"http:\/\/adventistas.org.do\/wp-content\/uploads\/2023\/06\/Portada-300x115.jpeg\" alt=\"\" width=\"610\" height=\"234\" \/><\/a><\/p>\n\n","protected":false},"excerpt":{"rendered":"","protected":false},"author":1,"featured_media":0,"parent":0,"menu_order":0,"comment_status":"closed","ping_status":"closed","template":"","meta":{"footnotes":""},"class_list":["post-437","page","type-page","status-publish","hentry"],"_links":{"self":[{"href":"https:\/\/adventistas.org.do\/index.php?rest_route=\/wp\/v2\/pages\/437","targetHints":{"allow":["GET"]}}],"collection":[{"href":"https:\/\/adventistas.org.do\/index.php?rest_route=\/wp\/v2\/pages"}],"about":[{"href":"https:\/\/adventistas.org.do\/index.php?rest_route=\/wp\/v2\/types\/page"}],"author":[{"embeddable":true,"href":"https:\/\/adventistas.org.do\/index.php?rest_route=\/wp\/v2\/users\/1"}],"replies":[{"embeddable":true,"href":"https:\/\/adventistas.org.do\/index.php?rest_route=%2Fwp%2Fv2%2Fcomments&post=437"}],"version-history":[{"count":7,"href":"https:\/\/adventistas.org.do\/index.php?rest_route=\/wp\/v2\/pages\/437\/revisions"}],"predecessor-version":[{"id":2024,"href":"https:\/\/adventistas.org.do\/index.php?rest_route=\/wp\/v2\/pages\/437\/revisions\/2024"}],"wp:attachment":[{"href":"https:\/\/adventistas.org.do\/index.php?rest_route=%2Fwp%2Fv2%2Fmedia&parent=437"}],"curies":[{"name":"wp","href":"https:\/\/api.w.org\/{rel}","templated":true}]}}