{"id":444,"date":"2018-12-23T00:42:56","date_gmt":"2018-12-23T00:42:56","guid":{"rendered":"http:\/\/adventistas.org.do\/?page_id=444"},"modified":"2025-07-24T16:30:59","modified_gmt":"2025-07-24T16:30:59","slug":"educacion","status":"publish","type":"page","link":"https:\/\/adventistas.org.do\/?page_id=444","title":{"rendered":"EDUCACI\u00d3N"},"content":{"rendered":"<div  data-id=\"initial-content-section\" data-export-id=\"initial-content-section\" data-label=\"Initial Content\" id=\"initial-content-section\" class=\"content-section content-section-spacing\">\n   <div  class=\"gridContainer\">\n     <div  class=\"row\">\n\n        <div  class=\"col-xs-12 col-sm-12\">                <p ><\/p>\n<p ><\/p>\n<h2 class=\"wp-block-heading\" >ENSE\u00d1AR TODA UNA VIDA PARA TODA LA VIDA<\/h2>\n<p ><\/p>\n<p ><\/p>\n<h3 class=\"wp-block-heading\" >El fil\u00f3sofo griego Arist\u00f3teles dijo en cierta ocasi\u00f3n: \u201cEducar la mente sin educar el coraz\u00f3n no es educaci\u00f3n\u201d. Para los adventistas del s\u00e9ptimo d\u00eda, la educaci\u00f3n se extiende a\u00fan m\u00e1s, porque alcanza el alma.<\/h3>\n<p ><\/p>\n<p ><\/p>\n<p >En lo que respecta a la ense\u00f1anza, nuestras multifac\u00e9ticas vidas requieren de un enfoque multifac\u00e9tico, y los adventistas apuntan a ofrecer el paquete completo. La educaci\u00f3n no solo tiene que ver con aprender por causa del crecimiento intelectual. Los adventistas creen tambi\u00e9n en el desarrollo f\u00edsico, emp\u00e1tico, social y espiritual. El ideal es que la educaci\u00f3n cambie y cultive cada aspecto de nuestra vida, llev\u00e1ndonos mucho m\u00e1s cerca del ideal original de Dios para nosotros.<\/p>\n<p ><\/p>\n<p ><\/p>\n<p >El consultor educacional Joe Harkin dijo: \u201cLos sistemas de educaci\u00f3n reflejan la naturaleza de la sociedad en la que existen [\u2026]. Al responder [la pregunta de lo que constituye una \u2018buena\u2019 sociedad] arrojamos luz sobre lo que consideramos que es una \u2018buena\u2019 educaci\u00f3n\u201d.[1]<\/p>\n<p ><\/p>\n<p ><\/p>\n<p >El sistema educativo adventista refleja la \u201csociedad\u201d celestial que Dios planific\u00f3 para nosotros. Nos da herramientas y recursos para que seamos m\u00e1s sabios y saludables. Nos brinda oportunidades de ver m\u00e1s all\u00e1 de nosotros para servir a otros. Nos conecta como amigos, como compa\u00f1eros y como una comunidad. Lo que es m\u00e1s importante, nos ayuda a cumplir nuestro potencial de ser \u201cbuenos\u201d ciudadanos, anticipando con ansias una eternidad con el Dios que nos cre\u00f3.<\/p>\n<p ><\/p>\n<p ><\/p>\n<p >La educaci\u00f3n adventista tiene que ver con ense\u00f1ar una vida plena y completa, para toda la vida.<\/p>\n<p ><\/p>\n<p ><\/p>\n<hr >\n<p ><\/p>\n<p ><\/p>\n<p >[1] Joe Harkin, \u201cParticipative education: An incomplete project of modernity\u201d, en&nbsp;<em >Educational research in Europe: Yearbook 2000<\/em>.<\/p>\n<p ><\/p>\n<h2 >NUESTRAS CREENCIAS<\/h2>\n<p >Las creencias adventistas tienen el prop\u00f3sito de impregnar toda la vida. Surgen a partir de escrituras que presentan un retrato convincente de Dios, y nos invitan a explorar, experimentar y conocer a Aquel que desea restaurarnos a la plenitud.<\/p>\n<p ><a  href=\"https:\/\/adventistas.org.do?page_id=965\">LEER M\u00c1S<\/a><\/p>\n<p ><\/p>\n\n          <\/div>\n      <\/div>\n  <\/div>\n<\/div>","protected":false},"excerpt":{"rendered":"<p>ENSE\u00d1AR TODA UNA VIDA PARA TODA LA VIDA El fil\u00f3sofo griego Arist\u00f3teles dijo en cierta ocasi\u00f3n: \u201cEducar la mente sin educar el coraz\u00f3n no es educaci\u00f3n\u201d. Para los adventistas del s\u00e9ptimo d\u00eda, la educaci\u00f3n se extiende a\u00fan m\u00e1s, porque alcanza el alma. En lo que respecta a la ense\u00f1anza, nuestras multifac\u00e9ticas vidas requieren de un&hellip; <br \/> <a class=\"read-more\" href=\"https:\/\/adventistas.org.do\/?page_id=444\">Leer m\u00e1s<\/a><\/p>\n","protected":false},"author":1,"featured_media":0,"parent":0,"menu_order":0,"comment_status":"closed","ping_status":"closed","template":"pro\/page-templates\/full-width-page.php","meta":{"footnotes":""},"class_list":["post-444","page","type-page","status-publish","hentry"],"_links":{"self":[{"href":"https:\/\/adventistas.org.do\/index.php?rest_route=\/wp\/v2\/pages\/444","targetHints":{"allow":["GET"]}}],"collection":[{"href":"https:\/\/adventistas.org.do\/index.php?rest_route=\/wp\/v2\/pages"}],"about":[{"href":"https:\/\/adventistas.org.do\/index.php?rest_route=\/wp\/v2\/types\/page"}],"author":[{"embeddable":true,"href":"https:\/\/adventistas.org.do\/index.php?rest_route=\/wp\/v2\/users\/1"}],"replies":[{"embeddable":true,"href":"https:\/\/adventistas.org.do\/index.php?rest_route=%2Fwp%2Fv2%2Fcomments&post=444"}],"version-history":[{"count":5,"href":"https:\/\/adventistas.org.do\/index.php?rest_route=\/wp\/v2\/pages\/444\/revisions"}],"predecessor-version":[{"id":3231,"href":"https:\/\/adventistas.org.do\/index.php?rest_route=\/wp\/v2\/pages\/444\/revisions\/3231"}],"wp:attachment":[{"href":"https:\/\/adventistas.org.do\/index.php?rest_route=%2Fwp%2Fv2%2Fmedia&parent=444"}],"curies":[{"name":"wp","href":"https:\/\/api.w.org\/{rel}","templated":true}]}}