{"id":446,"date":"2018-12-23T00:43:34","date_gmt":"2018-12-23T00:43:34","guid":{"rendered":"http:\/\/adventistas.org.do\/?page_id=446"},"modified":"2022-12-19T20:57:02","modified_gmt":"2022-12-19T20:57:02","slug":"salud","status":"publish","type":"page","link":"https:\/\/adventistas.org.do\/?page_id=446","title":{"rendered":"SALUD"},"content":{"rendered":"\n\n\t<p><\/p>\n<h2 class=\"wp-block-heading\">VIVIR UNA VIDA SALUDABLE<\/h2>\n<p><\/p>\n<p><\/p>\n<h3 class=\"wp-block-heading\">La Iglesia Adventista del S\u00e9ptimo D\u00eda reconoce la autonom\u00eda de cada individuo y la libertad de escoger que Dios ha dado a cada ser humano. En lugar de ordenar normas de conducta, los adventistas se hacen un llamado mutuo a vivir como ejemplos positivos del amor y el cuidado de Dios.<\/h3>\n<p><\/p>\n<p><\/p>\n<p>Parte de ese ejemplo incluye cuidar de nuestra salud. Creemos que Dios nos llama a cuidar de nuestros cuerpos, trat\u00e1ndolos con el respeto que se merece la creaci\u00f3n divina. La glotoner\u00eda y los excesos, aun de cosas buenas, pueden ser perjudiciales para la salud.<\/p>\n<p><\/p>\n<p><\/p>\n<p>Los adventistas creen que la clave para el bienestar se encuentra en una vida de equilibrio y temperancia. La naturaleza crea una gran cantidad de cosas buenas que llevan a disfrutar de una salud vibrante. Cuando se usan adecuadamente, el agua pura, el aire fresco y la luz del sol promueven una vida limpia y saludable.<\/p>\n<p><\/p>\n<p><\/p>\n<p>Hacer ejercicio y evitar las sustancias nocivas como el tabaco, el alcohol y las sustancias que afectan la mente lleva a tener mente clara y a tomar buenas decisiones. Una dieta vegetariana equilibrada que evite el consumo de carne, sumado a la ingesta de legumbres, granos integrales, nueces, frutas y verduras, y una fuente de vitamina B12, promueven la buena salud.<\/p>\n<p><\/p>\n<p><\/p>\n<p>Una salud de ese tipo es el don de un Dios amante que quiere que disfrutemos de una vida abundante. Cuando nos beneficiamos de un amor semejante, experimentamos un sentido de gratitud y aprecio hacia nuestro Creador.<\/p>\n<p><\/p>\n<p><\/p>\n<p>Como resultado de ello, los adventistas eligen alabar a Dios con una vida gozosa.<\/p>\n<p><\/p>\n\t<p><\/p>\n<h2 class=\"wp-block-heading\">NUESTRAS CREENCIAS<\/h2>\n<p>Las creencias adventistas tienen el prop\u00f3sito de impregnar toda la vida. Surgen a partir de escrituras que presentan un retrato convincente de Dios, y nos invitan a explorar, experimentar y conocer a Aquel que desea restaurarnos a la plenitud.<\/p>\n<p><a href=\"http:\/\/adventistas.org.do\/?page_id=965\">LEER M\u00c1S<\/a><\/p>\n<p><\/p>\n\t\t\t\t<a href=\"http:\/\/adventistas.org.do\/?page_id=1808http:\/\/adventistas.org.do\/?page_id=1808\" target=\"_self\" itemprop=\"url\" rel=\"noopener\">\n\t\t\t\t<img loading=\"lazy\" decoding=\"async\" src=\"http:\/\/adventistas.org.do\/wp-content\/uploads\/2022\/11\/health-food-concept-2021-08-26-15-51-00-utc-scaled.jpg\" alt=\"Healthy eating food concept with nut, spice, vegetables and fruit\" itemprop=\"image\" height=\"1124\" width=\"2560\" title=\"Health food concept\" onerror=\"this.style.display='none'\"  \/>\n\t\t\t\t<\/a>\n<h2>\n\t\t<a href=\"http:\/\/adventistas.org.do\/?page_id=1808\" title=\"Nuestros Eventos\" target=\"_self\" rel=\"noopener\">\n\t\tNuestros Eventos\n\t\t<\/a>\n\t<\/h2>\n\t<h4>D\u00eda de Impacto Evangelismo de la Salud<\/h4>\n\t\t\t<a href=\"\" target=\"_self\" role=\"button\" rel=\"noopener\">\n\t\t\t\t\t\t\tSaber m\u00e1s\n\t\t\t<\/a>\n\n","protected":false},"excerpt":{"rendered":"","protected":false},"author":1,"featured_media":0,"parent":0,"menu_order":0,"comment_status":"closed","ping_status":"closed","template":"","meta":{"footnotes":""},"class_list":["post-446","page","type-page","status-publish","hentry"],"_links":{"self":[{"href":"https:\/\/adventistas.org.do\/index.php?rest_route=\/wp\/v2\/pages\/446","targetHints":{"allow":["GET"]}}],"collection":[{"href":"https:\/\/adventistas.org.do\/index.php?rest_route=\/wp\/v2\/pages"}],"about":[{"href":"https:\/\/adventistas.org.do\/index.php?rest_route=\/wp\/v2\/types\/page"}],"author":[{"embeddable":true,"href":"https:\/\/adventistas.org.do\/index.php?rest_route=\/wp\/v2\/users\/1"}],"replies":[{"embeddable":true,"href":"https:\/\/adventistas.org.do\/index.php?rest_route=%2Fwp%2Fv2%2Fcomments&post=446"}],"version-history":[{"count":5,"href":"https:\/\/adventistas.org.do\/index.php?rest_route=\/wp\/v2\/pages\/446\/revisions"}],"predecessor-version":[{"id":1847,"href":"https:\/\/adventistas.org.do\/index.php?rest_route=\/wp\/v2\/pages\/446\/revisions\/1847"}],"wp:attachment":[{"href":"https:\/\/adventistas.org.do\/index.php?rest_route=%2Fwp%2Fv2%2Fmedia&parent=446"}],"curies":[{"name":"wp","href":"https:\/\/api.w.org\/{rel}","templated":true}]}}