{"id":448,"date":"2018-12-23T00:44:39","date_gmt":"2018-12-23T00:44:39","guid":{"rendered":"http:\/\/adventistas.org.do\/?page_id=448"},"modified":"2019-01-12T16:43:31","modified_gmt":"2019-01-12T16:43:31","slug":"obra-humanitaria","status":"publish","type":"page","link":"https:\/\/adventistas.org.do\/?page_id=448","title":{"rendered":"OBRA HUMANITARIA"},"content":{"rendered":"\n\t<p><\/p>\n<h2 class=\"wp-block-heading\">UN LLAMADO AL SERVICIO<\/h2>\n<p><\/p>\n<p><\/p>\n<h3 class=\"wp-block-heading\">Desde que en 1956 se estableci\u00f3 la Obra Filantr\u00f3pica y Asistencia Social Adventista (OFASA), la Iglesia Adventista ha dado una prioridad continua a la ayuda humanitaria y al desarrollo comunitario.<\/h3>\n<p><\/p>\n<p><\/p>\n<p>Hoy d\u00eda, la obra humanitaria adventista llega a m\u00e1s de 120 pa\u00edses y sirve a decenas de millones de personas por a\u00f1o. Esta prioridad surge de una profunda creencia en el servicio. A lo largo del Antiguo Testamento, Dios hizo provisi\u00f3n para los pobres y menos afortunados que viv\u00edan en Israel. En el Nuevo Testamento, los escritos del ap\u00f3stol Pablo muestran a una iglesia cristiana que dio de buena gana y con generosidad para apoyar a sus necesitados (Deuteronomio 15:1-11, 2 Corintios 8:8-15)<\/p>\n<p><\/p>\n<p><\/p>\n<p>En nuestro mundo abundan las guerras, los desastres naturales, la pobreza y el hambre, y se nos motiva a alcanzar a los que sufren en nombre de Jes\u00fas. Nuestra fe nos inspira para que mostremos el amor de Cristo al mundo que nos rodea. Puede que la fe expresada en acciones implique sacrificios, pero solo al servir desinteresadamente a otros llegamos a reflejar verdaderamente a Cristo.<\/p>\n<p><\/p>\n<p><\/p>\n<p>Nuestra fe activa se expresa personalmente en el servicio diario a los que nos rodean y, corporativamente, en organizaciones humanitarias tales como la Agencia Adventista de Desarrollo y Recursos Asistenciales (ADRA), y Servicios Comunitarios Adventistas (ACS). Para los adventistas, no alcanza con reconocer que existe la pobreza. Tenemos que vivir una vida de la cual fluya hacia otros la gracia que Dios nos ha dado, por medio del amor, el cuidado y la generosidad (Mateo 25:31-45).<a href=\"https:\/\/www.adventist.org\/es\/servicio\/obra-humanitaria\/es\/servicio\/obra-humanitaria\/article\/go\/-\/no-fueron-olvidados\/\"><\/a><\/p>\n<p><\/p>\n<p><\/p>\n<p><\/p>\n<h2>NUESTRAS CREENCIAS<\/h2>\n<p>Las creencias adventistas tienen el prop\u00f3sito de impregnar toda la vida. Surgen a partir de escrituras que presentan un retrato convincente de Dios, y nos invitan a explorar, experimentar y conocer a Aquel que desea restaurarnos a la plenitud.<\/p>\n<p><a href=\"http:\/\/adventistas.org.do\/?page_id=965\">LEER M\u00c1S<\/a><\/p>\n","protected":false},"excerpt":{"rendered":"","protected":false},"author":1,"featured_media":0,"parent":0,"menu_order":0,"comment_status":"closed","ping_status":"closed","template":"","meta":{"footnotes":""},"class_list":["post-448","page","type-page","status-publish","hentry"],"_links":{"self":[{"href":"https:\/\/adventistas.org.do\/index.php?rest_route=\/wp\/v2\/pages\/448","targetHints":{"allow":["GET"]}}],"collection":[{"href":"https:\/\/adventistas.org.do\/index.php?rest_route=\/wp\/v2\/pages"}],"about":[{"href":"https:\/\/adventistas.org.do\/index.php?rest_route=\/wp\/v2\/types\/page"}],"author":[{"embeddable":true,"href":"https:\/\/adventistas.org.do\/index.php?rest_route=\/wp\/v2\/users\/1"}],"replies":[{"embeddable":true,"href":"https:\/\/adventistas.org.do\/index.php?rest_route=%2Fwp%2Fv2%2Fcomments&post=448"}],"version-history":[{"count":3,"href":"https:\/\/adventistas.org.do\/index.php?rest_route=\/wp\/v2\/pages\/448\/revisions"}],"predecessor-version":[{"id":1096,"href":"https:\/\/adventistas.org.do\/index.php?rest_route=\/wp\/v2\/pages\/448\/revisions\/1096"}],"wp:attachment":[{"href":"https:\/\/adventistas.org.do\/index.php?rest_route=%2Fwp%2Fv2%2Fmedia&parent=448"}],"curies":[{"name":"wp","href":"https:\/\/api.w.org\/{rel}","templated":true}]}}