{"id":463,"date":"2018-12-23T00:50:46","date_gmt":"2018-12-23T00:50:46","guid":{"rendered":"http:\/\/adventistas.org.do\/?page_id=463"},"modified":"2019-01-12T15:31:15","modified_gmt":"2019-01-12T15:31:15","slug":"la-iglesia","status":"publish","type":"page","link":"https:\/\/adventistas.org.do\/?page_id=463","title":{"rendered":"LA IGLESIA"},"content":{"rendered":"\n\t<p><\/p>\n<h2 class=\"wp-block-heading\">SOMOS UN CUERPO<\/h2>\n<p><\/p>\n<p><\/p>\n<h3 class=\"wp-block-heading\">Jes\u00fas dej\u00f3 una misi\u00f3n \u00e9pica a sus seguidores: contarle al mundo de su amor y de su promesa de regresar, y cuidar de las personas as\u00ed como \u00e9l lo hizo. Confiar su mensaje a los seres humanos fue una decisi\u00f3n osada y riesgosa, pero aunque Dios sab\u00eda que estos a menudo le fallar\u00edan y aun distorsionar\u00edan su verdad, quiso trabajar con ellos.<\/h3>\n<p><\/p>\n<p><\/p>\n<p>El riesgo bien vali\u00f3 la recompensa. La iglesia, que es seguidora de Jes\u00fas, es llamada e inspirada a actuar como \u00e9l: sirviendo desinteresadamente a otros, apoy\u00e1ndose en Dios en busca de fortaleza, incorporando la Palabra de Dios y cont\u00e1ndole al mundo de su amor. Todos son iguales en Cristo: hombres y mujeres, ricos y pobres, sin importar su trasfondo o etnia.<\/p>\n<p><\/p>\n<p><\/p>\n<p>La iglesia fomenta el apoyo y el aliento mutuos al pasar tiempo juntos en adoraci\u00f3n y estudio de la Biblia. Los cristianos celebran el pacto de Jes\u00fas con ellos por medio de la ceremonia de la Santa Cena, que recuerda el ejemplo de servicio y sacrificio de Cristo. La iglesia celebra la salvaci\u00f3n de cada miembro mediante el ritual del bautismo por inmersi\u00f3n. La iglesia es las manos y los pies del \u201ccuerpo de Cristo\u201d.<\/p>\n<p><\/p>\n<p><\/p>\n<p>Jes\u00fas prometi\u00f3 que todo lo que hab\u00eda hecho en esta tierra, tambi\u00e9n lo har\u00eda por medio de su iglesia. S\u00ed, somos un p\u00e1lido reflejo de la perfecci\u00f3n de nuestro Salvador, pero Jes\u00fas sigue siendo la cabeza de su iglesia. A pesar de nuestras imperfecciones, en su gracia y mediante el poder de su sacrificio redentor seremos una deslumbrante nueva creaci\u00f3n.<\/p>\n<p><\/p>\n<p><\/p>\n<p>En los \u00faltimos d\u00edas del mundo, cuando gran parte del mensaje de Dios haya sido descuidado y descartado, Dios nos llama a recordar los sellos distintivos de su verdad. El libro de Apocalipsis nos habla de tres \u00e1ngeles enviados a este planeta con un mensaje final de esperanza y advertencia. La historia de ellos simboliza la misi\u00f3n divina para su pueblo en el tiempo del fin.<\/p>\n<p><\/p>\n<p><\/p>\n<p>El Esp\u00edritu Santo nos capacita individualmente con nuestros propios dones espirituales, con capacidades con las cuales compartir el amor divino y fortalecer a otros. Ya sea al ense\u00f1ar y predicar, al brindar aliento y profetizar, el Esp\u00edritu ha otorgado a la iglesia todos los dones que necesita para cumplir su obra.<\/p>\n<p><\/p>\n<p><\/p>\n<hr\/>\n\n<p><\/p>\n<h2 class=\"wp-block-heading\"><a href=\"http:\/\/adventistas.org.do\/la-iglesia-2\/\">LA IGLESIA<\/a><\/h2>\n<p><\/p>\n<p><\/p>\n<p>La iglesia es la familia de Dios en la Tierra, que sirve, celebra, estudia y adora junta a Dios. Al mirar a Jes\u00fas como su l\u00edder y Redentor, la iglesia es llamada a llevar a todas las personas las buenas nuevas de salvaci\u00f3n.<\/p>\n<p><\/p>\n<p><\/p>\n<p><a href=\"http:\/\/adventistas.org.do\/la-iglesia-2\/\">LEER M\u00c1S<\/a><\/p>\n<p><\/p>\n<p><\/p>\n<hr\/>\n\n<p><\/p>\n<h2 class=\"wp-block-heading\"><a href=\"http:\/\/adventistas.org.do\/el-remanente-y-su-mision\/\">EL REMANENTE Y SU MISI\u00d3N<\/a><\/h2>\n<p><\/p>\n<p><\/p>\n<p>En el fin del tiempo, Dios llama a su pueblo para que regrese a las verdades fundamentales. Al declarar el pronto regreso de Cristo, el remanente destaca a Dios como Creador, el juicio celestial y el peligro del compromiso espiritual.<\/p>\n<p><\/p>\n<p><\/p>\n<p><a href=\"http:\/\/adventistas.org.do\/el-remanente-y-su-mision\/\">LEER M\u00c1S<\/a><\/p>\n<p><\/p>\n<p><\/p>\n<hr\/>\n\n<p><\/p>\n<h2 class=\"wp-block-heading\"><a href=\"http:\/\/adventistas.org.do\/la-unidad-en-el-cuerpo-de-cristo\/\">LA UNIDAD EN EL CUERPO DE CRISTO<\/a><\/h2>\n<p><\/p>\n<p><\/p>\n<p>El cuerpo humano sirve como la perfecta met\u00e1fora del pueblo de Dios en la Tierra. Est\u00e1 compuesto por muchas partes que son muy diferentes entre s\u00ed, pero como resultado del Esp\u00edritu Santo en nosotros, se produce una armon\u00eda de voces y la unidad en la misi\u00f3n.<\/p>\n<p><\/p>\n<p><\/p>\n<p><a href=\"http:\/\/adventistas.org.do\/la-unidad-en-el-cuerpo-de-cristo\/\">LEER M\u00c1S<\/a><\/p>\n<p><\/p>\n<p><\/p>\n<hr\/>\n\n<p><\/p>\n<h2 class=\"wp-block-heading\"><a href=\"http:\/\/adventistas.org.do\/el-bautismo\/\">EL BAUTISMO<\/a><\/h2>\n<p><\/p>\n<p><\/p>\n<p>El bautismo simboliza y declara nuestra nueva fe en Cristo y nuestra confianza en su perd\u00f3n. Somos sepultados en el agua para levantarnos a una nueva vida en Cristo, capacitados por el Esp\u00edritu Santo.<\/p>\n<p><\/p>\n<p><\/p>\n<p><a href=\"http:\/\/adventistas.org.do\/el-bautismo\/\">LEER M\u00c1S<\/a><\/p>\n<p><\/p>\n<p><\/p>\n<hr\/>\n\n<p><\/p>\n<h2 class=\"wp-block-heading\"><a href=\"http:\/\/adventistas.org.do\/la-cena-del-senor\/\">LA CENA DEL SE\u00d1OR<\/a><\/h2>\n<p><\/p>\n<p><\/p>\n<p>La Cena del Se\u00f1or simboliza nuestra aceptaci\u00f3n del cuerpo y la sangre de Cristo, que fue derramado y quebrantado por nosotros. Al escudri\u00f1ar nuestros corazones, nos lavamos mutuamente los pies, recordando el humilde ejemplo de servicio de Jes\u00fas.<\/p>\n<p><\/p>\n<p><\/p>\n<p><a href=\"http:\/\/adventistas.org.do\/la-cena-del-senor\/\">LEER M\u00c1S<\/a><\/p>\n<p><\/p>\n<p><\/p>\n<hr\/>\n\n<p><\/p>\n<h2 class=\"wp-block-heading\"><a href=\"http:\/\/adventistas.org.do\/los-dones-y-ministerio-espirituales\/\">LOS DONES Y MINISTERIO ESPIRITUALES<\/a><\/h2>\n<p><\/p>\n<p><\/p>\n<p>Ya sea en las artes o la ense\u00f1anza o al escuchar una predicaci\u00f3n, el Esp\u00edritu Santo brinda a cada uno capacidades y talentos que podemos usar para gloria de Dios y la misi\u00f3n de la iglesia.<\/p>\n<p><\/p>\n<p><\/p>\n<p><a href=\"http:\/\/adventistas.org.do\/los-dones-y-ministerio-espirituales\/\">LEER M\u00c1S<\/a><\/p>\n<p><\/p>\n<p><\/p>\n<hr\/>\n\n<p><\/p>\n<h2 class=\"wp-block-heading\"><a href=\"http:\/\/adventistas.org.do\/el-don-de-profecia\/\">EL DON DE PROFEC\u00cdA<\/a><\/h2>\n<p><\/p>\n<p><\/p>\n<p>Como en los tiempos b\u00edblicos, en los \u00faltimos d\u00edas, el Esp\u00edritu Santo ha bendecido al pueblo de Dios con el don de profec\u00eda. Alguien que demostr\u00f3 ese don fue Elena G. White, una de las fundadoras de la Iglesia Adventista del S\u00e9ptimo D\u00eda.<\/p>\n<p><\/p>\n<p><\/p>\n<p><a href=\"http:\/\/adventistas.org.do\/el-don-de-profecia\/\">LEER M\u00c1S<\/a><\/p>\n<p><\/p>\n\t<p><\/p>\n<h2 class=\"wp-block-heading\">NUESTRAS CREENCIAS<\/h2>\n<p>Las creencias adventistas tienen el prop\u00f3sito de impregnar toda la vida. Surgen a partir de escrituras que presentan un retrato convincente de Dios, y nos invitan a explorar, experimentar y conocer a Aquel que desea restaurarnos a la plenitud.<\/p>\n<p><a href=\"http:\/\/adventistas.org.do\/?page_id=965\">LEER M\u00c1S<\/a><\/p>\n<p>&nbsp;<\/p>\n<p><\/p>\n","protected":false},"excerpt":{"rendered":"","protected":false},"author":1,"featured_media":0,"parent":0,"menu_order":0,"comment_status":"closed","ping_status":"closed","template":"","meta":{"footnotes":""},"class_list":["post-463","page","type-page","status-publish","hentry"],"_links":{"self":[{"href":"https:\/\/adventistas.org.do\/index.php?rest_route=\/wp\/v2\/pages\/463","targetHints":{"allow":["GET"]}}],"collection":[{"href":"https:\/\/adventistas.org.do\/index.php?rest_route=\/wp\/v2\/pages"}],"about":[{"href":"https:\/\/adventistas.org.do\/index.php?rest_route=\/wp\/v2\/types\/page"}],"author":[{"embeddable":true,"href":"https:\/\/adventistas.org.do\/index.php?rest_route=\/wp\/v2\/users\/1"}],"replies":[{"embeddable":true,"href":"https:\/\/adventistas.org.do\/index.php?rest_route=%2Fwp%2Fv2%2Fcomments&post=463"}],"version-history":[{"count":7,"href":"https:\/\/adventistas.org.do\/index.php?rest_route=\/wp\/v2\/pages\/463\/revisions"}],"predecessor-version":[{"id":1074,"href":"https:\/\/adventistas.org.do\/index.php?rest_route=\/wp\/v2\/pages\/463\/revisions\/1074"}],"wp:attachment":[{"href":"https:\/\/adventistas.org.do\/index.php?rest_route=%2Fwp%2Fv2%2Fmedia&parent=463"}],"curies":[{"name":"wp","href":"https:\/\/api.w.org\/{rel}","templated":true}]}}