{"id":467,"date":"2018-12-23T00:52:49","date_gmt":"2018-12-23T00:52:49","guid":{"rendered":"http:\/\/adventistas.org.do\/?page_id=467"},"modified":"2019-01-12T14:19:47","modified_gmt":"2019-01-12T14:19:47","slug":"el-apocalipsis","status":"publish","type":"page","link":"https:\/\/adventistas.org.do\/?page_id=467","title":{"rendered":"EL APOCALIPSIS"},"content":{"rendered":"\n\t<p><\/p>\n<h2 class=\"wp-block-heading\">EL AMOR RESTAURADO<\/h2>\n<p><\/p>\n<p><\/p>\n<h3 class=\"wp-block-heading\">Desde el Jard\u00edn del Ed\u00e9n a la Torre de Babel, desde la destrucci\u00f3n de Sodoma al \u00c9xodo de Egipto, Dios siempre ha investigado antes de actuar. Ahora, antes de su regreso, Jes\u00fas est\u00e1 investigando las vidas de todos los que alguna vez vivieron, revelando las elecciones que los llevaron a la salvaci\u00f3n o destrucci\u00f3n. Dios quiere que quede claro y transparente al universo expectante que nadie cosechar\u00e1 un destino que no haya escogido.<\/h3>\n<p><\/p>\n<p><\/p>\n<p>Los rituales del antiguo santuario hebreo fueron tan solo un reflejo de la obra de Cristo en el cielo, y cada ofrenda preanunciaba el sacrificio \u00faltimo de Jes\u00fas. Ahora Cristo, nuestro verdadero sumo sacerdote, ofrece los m\u00e9ritos de su sacrificio a todos los que acepten su gracia. Dado que \u00e9l soport\u00f3 cada tentaci\u00f3n que enfrentamos, podemos confiar en que entiende nuestras luchas y nos fortalece cuando necesitamos ayuda. Jes\u00fas es nuestro mediador, el que perdona nuestros pecados y restaura la relaci\u00f3n con Dios quebrantada por el pecado. El primer pacto nos conden\u00f3 a la muerte, pero Jes\u00fas es el mediador de un nuevo pacto, cuyo sacrificio nos liber\u00f3.<\/p>\n<p><\/p>\n<p><\/p>\n<p>La nada inconsciente que es la muerte nos separa de Dios y de los que hemos perdido. Solo Dios posee inmortalidad intr\u00ednseca, pero el don gratuito de la salvaci\u00f3n es la vida eterna. Aguardamos con ansias la segunda venida de Cristo, cuando Jes\u00fas resucitar\u00e1 a los salvados de la muerte, para que puedan vivir para siempre.<\/p>\n<p><\/p>\n<p><\/p>\n<p>Los primeros mil a\u00f1os despu\u00e9s del regreso de Cristo ser\u00e1n en el cielo un tiempo de reconciliaci\u00f3n y renovaci\u00f3n. Tendremos la capacidad de investigar las vidas de los perdidos, explorando c\u00f3mo sus elecciones los llevaron a la salvaci\u00f3n o destrucci\u00f3n. El planeta estar\u00e1 vac\u00edo de seres humanos; solo estar\u00e1n Satan\u00e1s y sus \u00e1ngeles, exiliados y ya sin nadie que enga\u00f1ar o destruir.<\/p>\n<p><\/p>\n<p><\/p>\n<p>Despu\u00e9s de mil a\u00f1os, Dios y los salvados regresar\u00e1n del cielo a la tierra con la ciudad celestial, la Nueva Jerusal\u00e9n. Dios resucitar\u00e1 a los malvados muertos para que puedan ser testigos de la fase final del juicio de Dios. Cada persona enfrentar\u00e1 el registro de su vida, y todos ver\u00e1n la verdadera justicia y equidad de Dios. Entonces Dios destruir\u00e1 para siempre el pecado y los pecadores.<\/p>\n<p><\/p>\n<p><\/p>\n<p>Cuando Dios vuelva a crear este planeta, el amor, el gozo y la armon\u00eda ser\u00e1n al fin restaurados en el universo. El temor, el sufrimiento y la muerte solo ser\u00e1n un recuerdo. Conoceremos cara a cara a Dios, y seremos libres de crear y explorar sin fin.<\/p>\n<p><\/p>\n<p><\/p>\n<hr \/>\n<p><\/p>\n<p><\/p>\n<h3 class=\"wp-block-heading\"><a href=\"http:\/\/adventistas.org.do\/el-ministerio-de-cristo-en-el-santuario-celestial\/\">EL MINISTERIO DE CRISTO EN EL SANTUARIO CELESTIAL<\/a><\/h3>\n<p><\/p>\n<p><\/p>\n<p>El sacrificio \u00faltimo de Cristo nos da la confianza de acercarnos a Dios, sabiendo que somos perdonados. Ahora Jes\u00fas est\u00e1 repasando nuestra vida antes de su regreso, para que no haya dudas de que sus juicios son pronunciados en amor.<\/p>\n<p><\/p>\n<p><\/p>\n<p><a href=\"http:\/\/adventistas.org.do\/el-ministerio-de-cristo-en-el-santuario-celestial\/\">LEER M\u00c1S<\/a><\/p>\n<p><\/p>\n<p><\/p>\n<hr \/>\n<p><\/p>\n<p><\/p>\n<h3 class=\"wp-block-heading\"><a href=\"http:\/\/adventistas.org.do\/la-segunda-venida-de-cristo\/\">LA SEGUNDA VENIDA DE CRISTO<\/a><\/h3>\n<p><\/p>\n<p><\/p>\n<p>Aguardamos con ansias el regreso prometido de Cristo, cuando \u00e9l resucitar\u00e1 a sus hijos salvados y los llevar\u00e1 al cielo. Aunque no podemos saber con exactitud cu\u00e1ndo regresar\u00e1, podemos vivir con la alegr\u00eda de esa expectativa.<\/p>\n<p><\/p>\n<p><\/p>\n<p><a href=\"http:\/\/adventistas.org.do\/la-segunda-venida-de-cristo\/\">LEER M\u00c1S<\/a><\/p>\n<p><\/p>\n<p><\/p>\n<hr \/>\n<p><\/p>\n<p><\/p>\n<h3 class=\"wp-block-heading\"><a href=\"http:\/\/adventistas.org.do\/la-muerte-y-la-resurreccion\/\">LA MUERTE Y LA RESURRECCI\u00d3N<\/a><\/h3>\n<p><\/p>\n<p><\/p>\n<p>La nada inconsciente que es la muerte nos separa del Dios de la vida, pero la derrota de Cristo sobre la muerte significa que los salvados pueden aguardar la resurrecci\u00f3n y la vida eterna.<\/p>\n<p><\/p>\n<p><\/p>\n<p><a href=\"http:\/\/adventistas.org.do\/la-muerte-y-la-resurreccion\/\">LEER M\u00c1S<\/a><\/p>\n<p><\/p>\n<p><\/p>\n<hr \/>\n<p><\/p>\n<p><\/p>\n<h3 class=\"wp-block-heading\"><a href=\"http:\/\/adventistas.org.do\/el-milenio-y-el-fin-del-pecado\/\">EL MILENIO Y EL FIN DEL PECADO<\/a><\/h3>\n<p><\/p>\n<p><\/p>\n<p>Mientras los salvados se reconectan con Dios, Satan\u00e1s y sus seguidores est\u00e1n atrapados en este planeta. Despu\u00e9s de mil a\u00f1os, Dios resucitar\u00e1 a los perdidos para el juicio final, antes de destruir el pecado y los pecadores.<\/p>\n<p><\/p>\n<p><\/p>\n<p><a href=\"http:\/\/adventistas.org.do\/el-milenio-y-el-fin-del-pecado\/\">LEER M\u00c1S<\/a><\/p>\n<p><\/p>\n<p><\/p>\n<hr \/>\n<p><\/p>\n<p><\/p>\n<h3 class=\"wp-block-heading\"><a href=\"http:\/\/adventistas.org.do\/la-tierra-nueva\/\">LA TIERRA NUEVA<\/a><\/h3>\n<p><\/p>\n<p><\/p>\n<p>Dios recrear\u00e1 nuestro mundo una vez manchado por el pecado, y vivir\u00e1 con nosotros para siempre. Podremos alcanzar finalmente nuestro verdadero potencial, viviendo en el amor y el gozo para el cual Dios nos ha creado.<\/p>\n<p><\/p>\n<p><\/p>\n<p><a href=\"http:\/\/adventistas.org.do\/la-tierra-nueva\/\">LEER M\u00c1S<\/a><\/p>\n<p><\/p>\n<h2>NUESTRAS CREENCIAS<\/h2>\n<p>Las creencias adventistas tienen el prop\u00f3sito de impregnar toda la vida. Surgen a partir de escrituras que presentan un retrato convincente de Dios, y nos invitan a explorar, experimentar y conocer a Aquel que desea restaurarnos a la plenitud.<\/p>\n<p><a href=\"http:\/\/adventistas.org.do\/?page_id=965\">LEER M\u00c1S<\/a><\/p>\n","protected":false},"excerpt":{"rendered":"","protected":false},"author":1,"featured_media":0,"parent":0,"menu_order":0,"comment_status":"closed","ping_status":"closed","template":"","meta":{"footnotes":""},"class_list":["post-467","page","type-page","status-publish","hentry"],"_links":{"self":[{"href":"https:\/\/adventistas.org.do\/index.php?rest_route=\/wp\/v2\/pages\/467","targetHints":{"allow":["GET"]}}],"collection":[{"href":"https:\/\/adventistas.org.do\/index.php?rest_route=\/wp\/v2\/pages"}],"about":[{"href":"https:\/\/adventistas.org.do\/index.php?rest_route=\/wp\/v2\/types\/page"}],"author":[{"embeddable":true,"href":"https:\/\/adventistas.org.do\/index.php?rest_route=\/wp\/v2\/users\/1"}],"replies":[{"embeddable":true,"href":"https:\/\/adventistas.org.do\/index.php?rest_route=%2Fwp%2Fv2%2Fcomments&post=467"}],"version-history":[{"count":4,"href":"https:\/\/adventistas.org.do\/index.php?rest_route=\/wp\/v2\/pages\/467\/revisions"}],"predecessor-version":[{"id":1045,"href":"https:\/\/adventistas.org.do\/index.php?rest_route=\/wp\/v2\/pages\/467\/revisions\/1045"}],"wp:attachment":[{"href":"https:\/\/adventistas.org.do\/index.php?rest_route=%2Fwp%2Fv2%2Fmedia&parent=467"}],"curies":[{"name":"wp","href":"https:\/\/api.w.org\/{rel}","templated":true}]}}