{"id":469,"date":"2018-12-23T00:55:11","date_gmt":"2018-12-23T00:55:11","guid":{"rendered":"http:\/\/adventistas.org.do\/?page_id=469"},"modified":"2021-12-03T03:06:40","modified_gmt":"2021-12-03T03:06:40","slug":"identidad","status":"publish","type":"page","link":"https:\/\/adventistas.org.do\/?page_id=469","title":{"rendered":"El Departamento de Comunicaci\u00f3n"},"content":{"rendered":"\n<p>El Departamento de Comunicaci\u00f3n funge en calidad de facilitador en favor de la administraci\u00f3n y todos los departamentos de la iglesia en su labor de testificaci\u00f3n ante la comunidad, ayudando a enviar su mensaje de esperanza al mundo.<\/p>\n\n\n\n<p>Para lograrlo, el departamento utiliza todos los medios disponibles y produce contenidos relevantes para los diferentes p\u00fablicos, tanto internos como externos.<\/p>\n\n\n\n<p><strong>MISI\u00d3N:\u00a0<\/strong>\u00abConstruyendo Puentes de Esperanza\u00bb <\/p>\n\n\n\n<p><strong>VISI\u00d3N:&nbsp;<\/strong>Crear una imagen favorable de la iglesia, su misi\u00f3n, vida y actividades de testificaci\u00f3n, utilizando los m\u00e1s efectivos medios de comunicaci\u00f3n.<\/p>\n\n\n\n<p><strong>PROP\u00d3SITO:&nbsp;<\/strong>Dar a conocer en forma entusiasta y amante, el mensaje de los tres \u00e1ngeles de Apocalipsis 14, en forma tal que las personas sean atra\u00eddas a Jesucristo y elijan seguirlo.<\/p>\n\n\n\n<p>El efecto deseado de nuestra misi\u00f3n y actividades es crear una imagen favorable de la iglesia, de su misi\u00f3n, vida y actividades; y de testificar a fin de que muchos puedan seguir a Cristo y convertirse en miembros de su iglesia.<\/p>\n\n\n\n<h2 class=\"wp-block-heading\"><strong>MANUALES<\/strong><\/h2>\n\n\n\n<h5 class=\"wp-block-heading\"><strong>El Director de&nbsp;Comunicaci\u00f3n&nbsp;de la Iglesia<\/strong> <\/h5>\n\n\n\n<div class=\"wp-block-file\"><a href=\"http:\/\/adventistas.org.do\/wp-content\/uploads\/2021\/12\/Guia-rapida-para-el-Diretor-de-comunicacion_Spanish.pdf\">Manual<\/a><a href=\"http:\/\/adventistas.org.do\/wp-content\/uploads\/2021\/12\/Guia-rapida-para-el-Diretor-de-comunicacion_Spanish.pdf\" class=\"wp-block-file__button\" download>Descarga<\/a><\/div>\n\n\n\n<p><strong>Gu\u00eda de inicio para el Director de Comunicaci\u00f3n<\/strong> <\/p>\n\n\n\n<div class=\"wp-block-file\"><a href=\"http:\/\/adventistas.org.do\/wp-content\/uploads\/2021\/12\/Director-del-Departamento-de-Comunicacio-n.pdf\">Director-del-Departamento-de-Comunicacion<\/a><a href=\"http:\/\/adventistas.org.do\/wp-content\/uploads\/2021\/12\/Director-del-Departamento-de-Comunicacio-n.pdf\" class=\"wp-block-file__button\" download>Descarga<\/a><\/div>\n\n\n\n<p><strong>Sitios web<\/strong>  <\/p>\n\n\n\n<div class=\"wp-block-file\"><a href=\"http:\/\/adventistas.org.do\/wp-content\/uploads\/2021\/12\/Ministerio-Web_SP.pdf\">Ministerio-Web_SP<\/a><a href=\"http:\/\/adventistas.org.do\/wp-content\/uploads\/2021\/12\/Ministerio-Web_SP.pdf\" class=\"wp-block-file__button\" download>Descarga<\/a><\/div>\n\n\n\n<p><strong>Manual de identidad visua<\/strong>l  <\/p>\n\n\n\n<div class=\"wp-block-file\"><a href=\"http:\/\/adventistas.org.do\/wp-content\/uploads\/2021\/12\/IDENTIDAD.pdf\">Identidad visual<\/a><a href=\"http:\/\/adventistas.org.do\/wp-content\/uploads\/2021\/12\/IDENTIDAD.pdf\" class=\"wp-block-file__button\" download>Descarga<\/a><\/div>\n\n\n\n<h2 class=\"wp-block-heading\"><strong>LOGOS<\/strong> <\/h2>\n\n\n\n<div class=\"wp-block-file\"><a href=\"http:\/\/adventistas.org.do\/wp-content\/uploads\/2021\/12\/adventist-es-all-centered.zip\">adventist-es-all&#8211;centered<\/a><a href=\"http:\/\/adventistas.org.do\/wp-content\/uploads\/2021\/12\/adventist-es-all-centered.zip\" class=\"wp-block-file__button\" download>Descarga<\/a><\/div>\n\n\n\n<div class=\"wp-block-file\"><a href=\"http:\/\/adventistas.org.do\/wp-content\/uploads\/2021\/12\/adventist-es-all-standard.zip\">adventist-es-all&#8211;standard<\/a><a href=\"http:\/\/adventistas.org.do\/wp-content\/uploads\/2021\/12\/adventist-es-all-standard.zip\" class=\"wp-block-file__button\" download>Descarga<\/a><\/div>\n\n\n\n<div class=\"wp-block-file\"><a href=\"http:\/\/adventistas.org.do\/wp-content\/uploads\/2021\/12\/adventist-es-all-text.zip\">adventist-es-all&#8211;text<\/a><a href=\"http:\/\/adventistas.org.do\/wp-content\/uploads\/2021\/12\/adventist-es-all-text.zip\" class=\"wp-block-file__button\" download>Descarga<\/a><\/div>\n\n\n\n<div class=\"wp-block-file\"><a href=\"http:\/\/adventistas.org.do\/wp-content\/uploads\/2021\/12\/adventist-symbol-all-symbol-circle.zip\">adventist-symbol-all&#8211;symbol-circle<\/a><a href=\"http:\/\/adventistas.org.do\/wp-content\/uploads\/2021\/12\/adventist-symbol-all-symbol-circle.zip\" class=\"wp-block-file__button\" download>Descarga<\/a><\/div>\n\n\n\n<div class=\"wp-block-file\"><a href=\"http:\/\/adventistas.org.do\/wp-content\/uploads\/2021\/12\/adventist-symbol-all-symbol-tm-circle.zip\">adventist-symbol-all&#8211;symbol-tm-circle<\/a><a href=\"http:\/\/adventistas.org.do\/wp-content\/uploads\/2021\/12\/adventist-symbol-all-symbol-tm-circle.zip\" class=\"wp-block-file__button\" download>Descarga<\/a><\/div>\n\n\n\n<div class=\"wp-block-file\"><a href=\"http:\/\/adventistas.org.do\/wp-content\/uploads\/2021\/12\/adventist-symbol-all-symbol-tm.zip\">adventist-symbol-all&#8211;symbol-tm<\/a><a href=\"http:\/\/adventistas.org.do\/wp-content\/uploads\/2021\/12\/adventist-symbol-all-symbol-tm.zip\" class=\"wp-block-file__button\" download>Descarga<\/a><\/div>\n\n\n\n<div class=\"wp-block-file\"><a href=\"http:\/\/adventistas.org.do\/wp-content\/uploads\/2021\/12\/adventist-symbol-all-symbol.zip\">adventist-symbol-all&#8211;symbol<\/a><a href=\"http:\/\/adventistas.org.do\/wp-content\/uploads\/2021\/12\/adventist-symbol-all-symbol.zip\" class=\"wp-block-file__button\" download>Descarga<\/a><\/div>\n\n\n\n<h2 class=\"wp-block-heading\"><strong>PLANTILLA POWER POINT<\/strong><\/h2>\n\n\n\n<div class=\"wp-block-file\"><a href=\"http:\/\/adventistas.org.do\/wp-content\/uploads\/2021\/12\/PPT-Templates.pptx\">PPT-Templates<\/a><a href=\"http:\/\/adventistas.org.do\/wp-content\/uploads\/2021\/12\/PPT-Templates.pptx\" class=\"wp-block-file__button\" download>Descarga<\/a><\/div>\n\n\n\n<h2 class=\"wp-block-heading\"><strong>TIPOGRAFIA<\/strong><\/h2>\n\n\n\n<div class=\"wp-block-file\"><a href=\"http:\/\/adventistas.org.do\/wp-content\/uploads\/2021\/12\/AdventSans-Logo.otf_.zip\">AdventSans-Logo.otf_<\/a><a href=\"http:\/\/adventistas.org.do\/wp-content\/uploads\/2021\/12\/AdventSans-Logo.otf_.zip\" class=\"wp-block-file__button\" download>Descarga<\/a><\/div>\n","protected":false},"excerpt":{"rendered":"<p>El Departamento de Comunicaci\u00f3n funge en calidad de facilitador en favor de la administraci\u00f3n y todos los departamentos de la iglesia en su labor de testificaci\u00f3n ante la comunidad, ayudando a enviar su mensaje de esperanza al mundo. Para lograrlo, el departamento utiliza todos los medios disponibles y produce contenidos relevantes para los diferentes p\u00fablicos,&hellip; <br \/> <a class=\"read-more\" href=\"https:\/\/adventistas.org.do\/?page_id=469\">Leer m\u00e1s<\/a><\/p>\n","protected":false},"author":1,"featured_media":0,"parent":0,"menu_order":0,"comment_status":"closed","ping_status":"closed","template":"","meta":{"footnotes":""},"class_list":["post-469","page","type-page","status-publish","hentry"],"_links":{"self":[{"href":"https:\/\/adventistas.org.do\/index.php?rest_route=\/wp\/v2\/pages\/469","targetHints":{"allow":["GET"]}}],"collection":[{"href":"https:\/\/adventistas.org.do\/index.php?rest_route=\/wp\/v2\/pages"}],"about":[{"href":"https:\/\/adventistas.org.do\/index.php?rest_route=\/wp\/v2\/types\/page"}],"author":[{"embeddable":true,"href":"https:\/\/adventistas.org.do\/index.php?rest_route=\/wp\/v2\/users\/1"}],"replies":[{"embeddable":true,"href":"https:\/\/adventistas.org.do\/index.php?rest_route=%2Fwp%2Fv2%2Fcomments&post=469"}],"version-history":[{"count":12,"href":"https:\/\/adventistas.org.do\/index.php?rest_route=\/wp\/v2\/pages\/469\/revisions"}],"predecessor-version":[{"id":1648,"href":"https:\/\/adventistas.org.do\/index.php?rest_route=\/wp\/v2\/pages\/469\/revisions\/1648"}],"wp:attachment":[{"href":"https:\/\/adventistas.org.do\/index.php?rest_route=%2Fwp%2Fv2%2Fmedia&parent=469"}],"curies":[{"name":"wp","href":"https:\/\/api.w.org\/{rel}","templated":true}]}}