{"id":647,"date":"2018-12-26T00:04:44","date_gmt":"2018-12-26T00:04:44","guid":{"rendered":"http:\/\/adventistas.org.do\/?page_id=647"},"modified":"2019-01-12T16:51:07","modified_gmt":"2019-01-12T16:51:07","slug":"dios-2","status":"publish","type":"page","link":"https:\/\/adventistas.org.do\/?page_id=647","title":{"rendered":"DIOS"},"content":{"rendered":"\n\t<p><\/p>\n<h3 class=\"wp-block-heading\">\u00bfQUI\u00c9N ES DIOS?<\/h3>\n<p><\/p>\n<p><\/p>\n<h3 class=\"wp-block-heading\">Dios es amor, poder y esplendor, y Dios es misterio. Sus caminos est\u00e1n muy por encima de los nuestros, pero aun as\u00ed, \u00e9l llega hasta nosotros. Dios es infinito pero est\u00e1 cercano, tres y sin embargo uno, que todo lo sabe y todo lo perdona. Pasaremos la eternidad manteniendo una relaci\u00f3n cada vez m\u00e1s profunda con Dios el Padre, el Hijo y el Esp\u00edritu Santo.<\/h3>\n<p><\/p>\n<p><\/p>\n<p>A pesar de la distancia que exige el pecado, Dios se ha revelado de incontables maneras. La Biblia es la historia de Dios en sus esfuerzos por reconectarse con sus hijos, y es un importante m\u00e9todo que Dios usa para alcanzarnos. La Biblia es un mosaico de escritores, estilos y perspectivas, y revela a un Dios siempre creativo y paciente, que sigue buscando la forma de restaurar nuestra relaci\u00f3n con \u00e9l. Aunque escrita por gente com\u00fan, mediante el Esp\u00edritu penetra nuestro coraz\u00f3n, abre nuestros ojos y nos convence de que vivamos para \u00e9l.<\/p>\n<p><\/p>\n<p><\/p>\n<p>Dios el Padre lleg\u00f3 hasta nosotros de la manera m\u00e1s dram\u00e1tica por medio de su Hijo Jes\u00fas, que escogi\u00f3 no solo visitarnos sino llegar a ser uno de nosotros. Jes\u00fas naci\u00f3 como humano para que podamos renacer en el Esp\u00edritu, nos mostr\u00f3 el amor y el car\u00e1cter de Dios, y hasta qu\u00e9 extremo estuvo dispuesto a llegar Dios para salvarnos de la autodestrucci\u00f3n. Lo que no pod\u00edamos hacer por nosotros mismos, Jes\u00fas lo hizo por nosotros, pagando el precio por nuestros pecados, muriendo en nuestro lugar para que podamos vivir para siempre. Por la resurrecci\u00f3n conquist\u00f3 la muerte, y prometi\u00f3 regresar para llevarnos al hogar.<\/p>\n<p><\/p>\n<p><\/p>\n<p>Mientras tanto, Dios no nos ha dejado solos. El Esp\u00edritu Santo est\u00e1 aqu\u00ed para consolarnos, guiarnos y transformarnos, para que vivamos como testigos del amor de Dios. El mismo Esp\u00edritu que inspir\u00f3 a los profetas y capacit\u00f3 a Jes\u00fas, que dio forma a las Escrituras y cre\u00f3 el mundo, nos capacita tambi\u00e9n a cada uno de nosotros.<\/p>\n<p><\/p>\n<p><\/p>\n<p>El Esp\u00edritu activa \u201cel cuerpo de Cristo\u201d, la iglesia, mediante los dones espirituales y una humilde actitud de servicio y compasi\u00f3n.<\/p>\n<p><\/p>\n<p><\/p>\n<p>La Biblia. Antigua, intemporal y una obra maestra de la literatura, nos revela la funci\u00f3n de Dios en la historia humana, nuestro lugar dentro del plan de Dios y la verdad, para guiarnos y protegernos del enga\u00f1o.<\/p>\n<p><\/p>\n<p><\/p>\n<p>La Trinidad. Dios, el inmortal, todopoderoso y plenamente amante, es una relaci\u00f3n del Padre, el Hijo y el Esp\u00edritu Santo. Es el \u00fanico ser digno de nuestra adoraci\u00f3n. Dios es nuestro Creador, Redentor y Amigo. Dios el Padre. Dios el Padre es la fuente de todo amor y vida. Envi\u00f3 a su Hijo para salvarnos de nuestros pecados y de nosotros mismos, y para mostrarnos c\u00f3mo es \u00e9l. Dios el Hijo. Jes\u00fas se hizo humano para salvarnos. Por su medio \u2014nuestro ayudador, abogado y Redentor\u2014 podemos comenzar de nuevo. Nos est\u00e1 preparando el cielo, y regresar\u00e1 a llevarnos con \u00e9l.<\/p>\n<p><\/p>\n<p><\/p>\n<p>El Esp\u00edritu Santo. El Esp\u00edritu Santo nos inspira, nos capacita y gu\u00eda nuestra comprensi\u00f3n. El Esp\u00edritu toca nuestro coraz\u00f3n y nos transforma, renovando en nosotros la imagen de Dios con la cual fuimos creados.<\/p>\n<p><\/p>\n<p><\/p>\n<hr \/>\n<p><\/p>\n<p><\/p>\n<h3 class=\"wp-block-heading\"><a href=\"las-sagradas-escrituras\/\">LAS SAGRADAS ESCRITURAS<\/a><\/h3>\n<p><\/p>\n<p><\/p>\n<p>Antigua, intemporal y una obra maestra de la literatura, nos revela la funci\u00f3n de Dios en la historia humana, nuestro lugar dentro del plan de Dios y la verdad, para guiarnos y protegernos del enga\u00f1o.<\/p>\n<p><\/p>\n<p><\/p>\n<p><a href=\"las-sagradas-escrituras\/\">LEER M\u00c1S<\/a><\/p>\n<p><\/p>\n<p><\/p>\n<hr \/>\n<p><\/p>\n<p><\/p>\n<h3 class=\"wp-block-heading\"><a href=\"la-trinidad\/\">LA TRINIDAD<\/a><\/h3>\n<p><\/p>\n<p><\/p>\n<p>Dios, el inmortal, todopoderoso y plenamente amante, es una relaci\u00f3n del Padre, el Hijo y el Esp\u00edritu Santo. Es el \u00fanico ser digno de nuestra adoraci\u00f3n. Dios es nuestro Creador, Redentor y Amigo.<\/p>\n<p><\/p>\n<p><\/p>\n<p><a href=\"la-trinidad\/\">LEER M\u00c1S<\/a><\/p>\n<p><\/p>\n<p><\/p>\n<hr \/>\n<p><\/p>\n<p><\/p>\n<h3 class=\"wp-block-heading\"><a href=\"el-padre\/\">EL PADRE<\/a><\/h3>\n<p><\/p>\n<p><\/p>\n<p>Dios el Padre es la fuente de todo amor y vida. Envi\u00f3 a su Hijo para salvarnos de nuestros pecados y de nosotros mismos, y para mostrarnos c\u00f3mo es \u00e9l.<\/p>\n<p><\/p>\n<p><\/p>\n<p><a href=\"el-padre\/\">LEER M\u00c1S<\/a><\/p>\n<p><\/p>\n<p><\/p>\n<hr \/>\n<p><\/p>\n<p><\/p>\n<h3 class=\"wp-block-heading\"><a href=\"el-hijo\/\">EL HIJO<\/a><\/h3>\n<p><\/p>\n<p><\/p>\n<p>Jes\u00fas se hizo humano para salvarnos. Por su medio \u2014nuestro ayudador, abogado y Redentor\u2014 podemos comenzar de nuevo. Nos est\u00e1 preparando el cielo, y regresar\u00e1 a llevarnos con \u00e9l.<\/p>\n<p><\/p>\n<p><\/p>\n<p><a href=\"el-hijo\/\">LEER M\u00c1S<\/a><\/p>\n<p><\/p>\n<p><\/p>\n<hr \/>\n<p><\/p>\n<p><\/p>\n<h3 class=\"wp-block-heading\"><a href=\"el-espiritu-santo\/\">EL ESP\u00cdRITU SANTO<\/a><\/h3>\n<p><\/p>\n<p><\/p>\n<p>El Esp\u00edritu Santo nos inspira, nos capacita y gu\u00eda nuestra comprensi\u00f3n. El Esp\u00edritu toca nuestro coraz\u00f3n y nos transforma, renovando en nosotros la imagen de Dios con la cual fuimos creados.<\/p>\n<p><\/p>\n<p><\/p>\n<p><a href=\"el-espiritu-santo\/\">LEER M\u00c1S<\/a><\/p>\n<p><\/p>\n\t<p><\/p>\n<h2 class=\"wp-block-heading\">NUESTRAS CREENCIAS<\/h2>\n<p>Las creencias adventistas tienen el prop\u00f3sito de impregnar toda la vida. Surgen a partir de escrituras que presentan un retrato convincente de Dios, y nos invitan a explorar, experimentar y conocer a Aquel que desea restaurarnos a la plenitud.<\/p>\n<p><a href=\"http:\/\/adventistas.org.do\/?page_id=965\">LEER M\u00c1S<\/a><\/p>\n<p><\/p>\n","protected":false},"excerpt":{"rendered":"","protected":false},"author":1,"featured_media":0,"parent":0,"menu_order":0,"comment_status":"closed","ping_status":"closed","template":"","meta":{"footnotes":""},"class_list":["post-647","page","type-page","status-publish","hentry"],"_links":{"self":[{"href":"https:\/\/adventistas.org.do\/index.php?rest_route=\/wp\/v2\/pages\/647","targetHints":{"allow":["GET"]}}],"collection":[{"href":"https:\/\/adventistas.org.do\/index.php?rest_route=\/wp\/v2\/pages"}],"about":[{"href":"https:\/\/adventistas.org.do\/index.php?rest_route=\/wp\/v2\/types\/page"}],"author":[{"embeddable":true,"href":"https:\/\/adventistas.org.do\/index.php?rest_route=\/wp\/v2\/users\/1"}],"replies":[{"embeddable":true,"href":"https:\/\/adventistas.org.do\/index.php?rest_route=%2Fwp%2Fv2%2Fcomments&post=647"}],"version-history":[{"count":7,"href":"https:\/\/adventistas.org.do\/index.php?rest_route=\/wp\/v2\/pages\/647\/revisions"}],"predecessor-version":[{"id":1100,"href":"https:\/\/adventistas.org.do\/index.php?rest_route=\/wp\/v2\/pages\/647\/revisions\/1100"}],"wp:attachment":[{"href":"https:\/\/adventistas.org.do\/index.php?rest_route=%2Fwp%2Fv2%2Fmedia&parent=647"}],"curies":[{"name":"wp","href":"https:\/\/api.w.org\/{rel}","templated":true}]}}