{"id":726,"date":"2018-12-26T02:34:20","date_gmt":"2018-12-26T02:34:20","guid":{"rendered":"http:\/\/adventistas.org.do\/?page_id=726"},"modified":"2020-12-12T03:04:08","modified_gmt":"2020-12-12T03:04:08","slug":"declaraciones-y-documentos-oficiales","status":"publish","type":"page","link":"https:\/\/adventistas.org.do\/?page_id=726","title":{"rendered":"DECLARACIONES Y DOCUMENTOS OFICIALES"},"content":{"rendered":"<h1>\n\t\tDocumentos Oficiales\n\t<\/h1>\n\t<p>Siempre que es necesario y por lo general una vez al a\u00f1o se realiza una Asamblea, en donde la Iglesia Adventista del S\u00e9ptimo D\u00eda aprueba declaraciones oficiales para la organizaci\u00f3n, con respecto a temas relevantes sobre el \u00e1mbito interno de la organizaci\u00f3n y el mundo.<\/p>\n\t\t\t\t<img decoding=\"async\" src=\"https:\/\/lite.demos.wpbeaverbuilder.com\/wp-content\/uploads\/sites\/28\/2020\/02\/headway-5QgIuuBxKwM-unsplash-768x768-1.jpg\" alt=\"\" itemprop=\"image\" onerror=\"this.style.display='none'\"  \/>\n\t<h2>El uso de pel\u00edculas para el cumplimiento de la misi\u00f3n<\/h2>\n<p>La Declaraci\u00f3n contextualiza el uso de los medios de comunicaci\u00f3n a lo largo de la historia del movimiento adventista y posteriormente la Iglesia Adventista del S\u00e9ptimo D\u00eda. Seg\u00fan este punto de vista, este tipo de recurso medi\u00e1tico, por parte de la iglesia, constituye un apoyo fuerte y estrat\u00e9gico a la predicaci\u00f3n del evangelio.<\/p>\n<p><a href=\"#\">Learn more<\/a><\/p>\n\t\t\t\t<img decoding=\"async\" src=\"https:\/\/lite.demos.wpbeaverbuilder.com\/wp-content\/uploads\/sites\/28\/2020\/02\/headway-5QgIuuBxKwM-unsplash-768x768-1.jpg\" alt=\"\" itemprop=\"image\" onerror=\"this.style.display='none'\"  \/>\n\t<h2>Resoluci\u00f3n sobre la Santa Biblia<\/h2>\n<p>Como delegados ante el Congreso Mundial de la Asociaci\u00f3n General 2015 en San Antonio, Texas, afirmamos nuestro compromiso con la autoridad de la Biblia como la revelaci\u00f3n infalible de Dios y de su voluntad.<\/p>\n<p><a href=\"#\">Learn more<\/a><\/p>\n\t\t\t\t<img decoding=\"async\" src=\"https:\/\/lite.demos.wpbeaverbuilder.com\/wp-content\/uploads\/sites\/28\/2020\/02\/headway-5QgIuuBxKwM-unsplash-768x768-1.jpg\" alt=\"\" itemprop=\"image\" onerror=\"this.style.display='none'\"  \/>\n\t<h2>\u00bfPor qu\u00e9 los adventistas participan en reuniones de la ONU?<\/h2>\n<p>Por Ganoune Diop, director del departamento de Asuntos P\u00fablicos y Libertad Religiosa de la Asociaci\u00f3n General.<\/p>\n<p><a href=\"#\">Learn more<\/a><\/p>\n\t\t\t\t<img decoding=\"async\" src=\"https:\/\/lite.demos.wpbeaverbuilder.com\/wp-content\/uploads\/sites\/28\/2020\/02\/headway-5QgIuuBxKwM-unsplash-768x768-1.jpg\" alt=\"\" itemprop=\"image\" onerror=\"this.style.display='none'\"  \/>\n\t<h2>Los Adventistas y la pol\u00edtica<\/h2>\n<p>En tiempos donde la pol\u00edtica y la religi\u00f3n se cruzan permanentemente con impacto directo en la vida de los religiosos, la Iglesia Adventista del S\u00e9ptimo D\u00eda siente necesidad de dejar claro su posici\u00f3n frente a temas relacionados a la pol\u00edtica y elecciones.<\/p>\n<p><a href=\"#\">Learn more<\/a><\/p>\n\t\t\t\t<img decoding=\"async\" src=\"https:\/\/lite.demos.wpbeaverbuilder.com\/wp-content\/uploads\/sites\/28\/2020\/02\/field-notes-768x768-1.jpg\" alt=\"\" itemprop=\"image\" onerror=\"this.style.display='none'\"  \/>\n\t<h2>Estilo de Vida y Conducta Cristiana<\/h2>\n<p>El prop\u00f3sito del documento es reafirmar la creencia b\u00edblica expuesta por la Iglesia en cuanto a la conducta de un cristiano seg\u00fan las diferentes situaciones de su vida cotidiana, tales como: la recreaci\u00f3n, los medios de comunicaci\u00f3n, el vestido, la sexualidad, la joyer\u00eda, los ornamentos y la salud.<\/p>\n<p><a href=\"#\">Learn more<\/a><\/p>\n\t\t\t\t<img decoding=\"async\" src=\"https:\/\/lite.demos.wpbeaverbuilder.com\/wp-content\/uploads\/sites\/28\/2020\/02\/field-notes-768x768-1.jpg\" alt=\"\" itemprop=\"image\" onerror=\"this.style.display='none'\"  \/>\n\t<h2>No beligerancia<\/h2>\n<p>Un breve repaso de la posici\u00f3n de la Iglesia Adventista sobre la no beligerancia.<\/p>\n<p><a href=\"#\">Learn more<\/a><\/p>\n\t\t\t\t<img decoding=\"async\" src=\"https:\/\/lite.demos.wpbeaverbuilder.com\/wp-content\/uploads\/sites\/28\/2020\/02\/field-notes-768x768-1.jpg\" alt=\"\" itemprop=\"image\" onerror=\"this.style.display='none'\"  \/>\n\t<h2><b>Reafirmaci\u00f3n de la Creaci\u00f3n<\/b><\/h2>\n<p>Informe de la Comisi\u00f3n Organizadora de las Conferencias Internacionales sobre Fe y Ciencia celebradas entre los a\u00f1os 2002 y 2004 presentado el 10 de septiembre de 2004 a la junta directiva de la Asociaci\u00f3n General, a trav\u00e9s de la Oficina del Presidente de la Asociaci\u00f3n General.<\/p>\n<p><a href=\"#\">Learn more<\/a><\/p>\n\t\t\t\t<img decoding=\"async\" src=\"https:\/\/lite.demos.wpbeaverbuilder.com\/wp-content\/uploads\/sites\/28\/2020\/02\/field-notes-768x768-1.jpg\" alt=\"\" itemprop=\"image\" onerror=\"this.style.display='none'\"  \/>\n\t<h2>Observancia del S\u00e1bado<\/h2>\n<p>El material resalta el descanso conforme a la Santa Biblia y apunta al entendimiento que la Iglesia Adventista del S\u00e9ptimo D\u00eda tiene respecto a los aspectos pr\u00e1cticos sobre como guardar este d\u00eda. Se sintetizaron 21 puntos sobre el tema.<\/p>\n<p><a href=\"#\">Learn more<\/a><\/p>\n\t\t\t\t<img decoding=\"async\" src=\"https:\/\/lite.demos.wpbeaverbuilder.com\/wp-content\/uploads\/sites\/28\/2020\/02\/photo-1529119368496-2dfda6ec2804-768x768-1.jpg\" alt=\"\" itemprop=\"image\" onerror=\"this.style.display='none'\"  \/>\n\t<h2>Filosof\u00eda Adventista del S\u00e9ptimo D\u00eda en Relaci\u00f3n a la M\u00fasica<\/h2>\n<p>Documento sobre la filosof\u00eda adventista respecto a la m\u00fasica. El material fue elaborado sobre la base de una declaraci\u00f3n aprobada por la Iglesia Adventista en todo el mundo.<\/p>\n<p><a href=\"#\">Learn more<\/a><\/p>\n\t\t\t\t<img decoding=\"async\" src=\"https:\/\/lite.demos.wpbeaverbuilder.com\/wp-content\/uploads\/sites\/28\/2020\/02\/photo-1529119368496-2dfda6ec2804-768x768-1.jpg\" alt=\"\" itemprop=\"image\" onerror=\"this.style.display='none'\"  \/>\n\t<h2>Declaraci\u00f3n de confianza en los escritos de Elena de White<\/h2>\n<p>Como delegados ante el Congreso Mundial de la Asociaci\u00f3n General 2015 en San Antonio, Texas, expresamos nuestra profunda gratitud a Dios por la presencia continua de varios dones espirituales en su pueblo (1 Cor. 12:4-11; Efe. 4:11-14), y particularmente por la orientaci\u00f3n que hemos recibido por medio de la vida y del ministerio de Elena de White (1827-1915).<\/p>\n<p><a href=\"#\">Learn more<\/a><\/p>\n\t\t\t\t<img decoding=\"async\" src=\"https:\/\/lite.demos.wpbeaverbuilder.com\/wp-content\/uploads\/sites\/28\/2020\/02\/photo-1529119368496-2dfda6ec2804-768x768-1.jpg\" alt=\"\" itemprop=\"image\" onerror=\"this.style.display='none'\"  \/>\n\t<h2>Declaraci\u00f3n de confianza en los escritos de Elena de White<\/h2>\n<p>Como delegados ante el Congreso Mundial de la Asociaci\u00f3n General 2015 en San Antonio, Texas, expresamos nuestra profunda gratitud a Dios por la presencia continua de varios dones espirituales en su pueblo (1 Cor. 12:4-11; Efe. 4:11-14), y particularmente por la orientaci\u00f3n que hemos recibido por medio de la vida y del ministerio de Elena de White (1827-1915).<\/p>\n<p><a href=\"#\">Learn more<\/a><\/p>\n\t\t\t\t<img decoding=\"async\" src=\"https:\/\/lite.demos.wpbeaverbuilder.com\/wp-content\/uploads\/sites\/28\/2020\/02\/photo-1529119368496-2dfda6ec2804-768x768-1.jpg\" alt=\"\" itemprop=\"image\" onerror=\"this.style.display='none'\"  \/>\n\t<h2>Posici\u00f3n adventista del s\u00e9ptimo d\u00eda sobre la homosexualidad<\/h2>\n<p>En esta declaraci\u00f3n, mire la posici\u00f3n de la IASD sobre la pr\u00e1ctica y las relaciones homosexuales.<\/p>\n<p><a href=\"#\">Learn more<\/a><\/p>\n\t\t\t\t<img decoding=\"async\" src=\"https:\/\/lite.demos.wpbeaverbuilder.com\/wp-content\/uploads\/sites\/28\/2020\/02\/office.jpg\" alt=\"\" itemprop=\"image\" onerror=\"this.style.display='none'\"  \/>\n<h2>\n\t\tBienestar y Dignidad de los Ni\u00f1os \n\t<\/h2>\n\t<p>Los adventistas defienden el derecho de todo ni\u00f1o a disfrutar de un hogar feliz y estable, y a recibir la libertad y el apoyo que le permita crecer para llegar a ser la persona que Dios espera que sea. En 1989, la Asamblea General de las Naciones Unidas reconoci\u00f3 la importancia fundamental de los ni\u00f1os al adoptar la \u00abConvenci\u00f3n sobre los Derechos del Ni\u00f1o\u00bb.<\/p>\n\t\t\t<a href=\"\" target=\"_self\" role=\"button\" rel=\"noopener noreferrer\">\n\t\t\t\t\t\t\tLearn more\n\t\t\t<\/a>\n","protected":false},"excerpt":{"rendered":"","protected":false},"author":1,"featured_media":1389,"parent":0,"menu_order":0,"comment_status":"open","ping_status":"closed","template":"","meta":{"footnotes":""},"class_list":["post-726","page","type-page","status-publish","has-post-thumbnail","hentry"],"_links":{"self":[{"href":"https:\/\/adventistas.org.do\/index.php?rest_route=\/wp\/v2\/pages\/726","targetHints":{"allow":["GET"]}}],"collection":[{"href":"https:\/\/adventistas.org.do\/index.php?rest_route=\/wp\/v2\/pages"}],"about":[{"href":"https:\/\/adventistas.org.do\/index.php?rest_route=\/wp\/v2\/types\/page"}],"author":[{"embeddable":true,"href":"https:\/\/adventistas.org.do\/index.php?rest_route=\/wp\/v2\/users\/1"}],"replies":[{"embeddable":true,"href":"https:\/\/adventistas.org.do\/index.php?rest_route=%2Fwp%2Fv2%2Fcomments&post=726"}],"version-history":[{"count":17,"href":"https:\/\/adventistas.org.do\/index.php?rest_route=\/wp\/v2\/pages\/726\/revisions"}],"predecessor-version":[{"id":1527,"href":"https:\/\/adventistas.org.do\/index.php?rest_route=\/wp\/v2\/pages\/726\/revisions\/1527"}],"wp:featuredmedia":[{"embeddable":true,"href":"https:\/\/adventistas.org.do\/index.php?rest_route=\/wp\/v2\/media\/1389"}],"wp:attachment":[{"href":"https:\/\/adventistas.org.do\/index.php?rest_route=%2Fwp%2Fv2%2Fmedia&parent=726"}],"curies":[{"name":"wp","href":"https:\/\/api.w.org\/{rel}","templated":true}]}}