{"id":892,"date":"2018-12-29T23:48:10","date_gmt":"2018-12-29T23:48:10","guid":{"rendered":"http:\/\/adventistas.org.do\/?page_id=892"},"modified":"2024-01-15T17:40:50","modified_gmt":"2024-01-15T17:40:50","slug":"administracion","status":"publish","type":"page","link":"https:\/\/adventistas.org.do\/?page_id=892","title":{"rendered":"ADMINISTRACION"},"content":{"rendered":"\n\n\t<blockquote>\n<h3>Declaraci\u00f3n de Misi\u00f3n<\/h3>\n<\/blockquote>\n<p>Hacer disc\u00edpulos de Jesucristo que vivan como sus testigos amorosos y proclamen a todas las personas el evangelio eterno del mensaje de los tres \u00e1ngeles como preparaci\u00f3n para su pronto regreso.<\/p>\n<p>(Mateo 28:18- 20; Apocalipsis 14:6-12).<\/p>\n\t<blockquote>\n<h3>Declaraci\u00f3n de Visi\u00f3n<\/h3>\n<\/blockquote>\n<p>Cada iglesia e instituci\u00f3n creciendo saludablemente.<\/p>\n\t<h3>Nuestros Valores<\/h3>\n1. Dar Gloria a Dios | 2. Unidad. | 3. Fidelidad. | 4. Integridad.<br \/>\n5. Excelencia y Humildad. | 6. Compasi\u00f3n. | 7. Respeto | 8. Estilo de Vida integral.<br \/>\n9. Equidad. | 10. Honestidad.\n\t<h3>Administradores<\/h3>\n<p>Como equipo de trabajo tenemos la misi\u00f3n de glorificar a Dios, y bajo la influencia del Esp\u00edritu Santo, guiar a cada creyente a una experiencia personal y transformadora con Cristo, que lo capacite como disc\u00edpulo para compartir el Evangelio Eterno con toda persona.<\/p>\n\t\t\t\t<img loading=\"lazy\" decoding=\"async\" src=\"http:\/\/adventistas.org.do\/wp-content\/uploads\/bb-plugin\/cache\/teo-circle.jpg\" alt=\"teo\" itemprop=\"image\" height=\"150\" width=\"150\" title=\"teo\" onerror=\"this.style.display='none'\"  \/>\n<h3>Dr. Te\u00f3filo Silvestre<\/h3>\t\t\n\t\t\t<p><em>Presidente<\/em><\/p>\n\t<p>Ahora es el tiempo de estar preparados y recibir a nuestro Se\u00f1or.<\/p>\n\t\t\t\t<img loading=\"lazy\" decoding=\"async\" src=\"http:\/\/adventistas.org.do\/wp-content\/uploads\/bb-plugin\/cache\/Polanco-circle.jpg\" alt=\"Polanco\" itemprop=\"image\" height=\"150\" width=\"150\" title=\"Polanco\" onerror=\"this.style.display='none'\"  \/>\n<h3>Pr. Daniel Polanco<\/h3>\t\t\n\t\t\t<p><em>Secretario Ejecutivo<\/em><\/p>\n\t<p>La gracia de Cristo debe ser el centro de toda nuestra labor.<\/p>\n\t\t\t\t<img loading=\"lazy\" decoding=\"async\" src=\"http:\/\/adventistas.org.do\/wp-content\/uploads\/bb-plugin\/cache\/winston-circle.jpg\" alt=\"winston\" itemprop=\"image\" height=\"150\" width=\"150\" title=\"winston\" onerror=\"this.style.display='none'\"  \/>\n<h3>Winston Hiciano<\/h3>\t\t\n\t\t\t<p><em>Tesorero<\/em><\/p>\n\t<p>El tiempo de Dios es perfecto y sus promesas son para nosotros hoy.<\/p>\n\n","protected":false},"excerpt":{"rendered":"","protected":false},"author":1,"featured_media":0,"parent":0,"menu_order":0,"comment_status":"closed","ping_status":"closed","template":"","meta":{"footnotes":""},"class_list":["post-892","page","type-page","status-publish","hentry"],"_links":{"self":[{"href":"https:\/\/adventistas.org.do\/index.php?rest_route=\/wp\/v2\/pages\/892","targetHints":{"allow":["GET"]}}],"collection":[{"href":"https:\/\/adventistas.org.do\/index.php?rest_route=\/wp\/v2\/pages"}],"about":[{"href":"https:\/\/adventistas.org.do\/index.php?rest_route=\/wp\/v2\/types\/page"}],"author":[{"embeddable":true,"href":"https:\/\/adventistas.org.do\/index.php?rest_route=\/wp\/v2\/users\/1"}],"replies":[{"embeddable":true,"href":"https:\/\/adventistas.org.do\/index.php?rest_route=%2Fwp%2Fv2%2Fcomments&post=892"}],"version-history":[{"count":12,"href":"https:\/\/adventistas.org.do\/index.php?rest_route=\/wp\/v2\/pages\/892\/revisions"}],"predecessor-version":[{"id":2401,"href":"https:\/\/adventistas.org.do\/index.php?rest_route=\/wp\/v2\/pages\/892\/revisions\/2401"}],"wp:attachment":[{"href":"https:\/\/adventistas.org.do\/index.php?rest_route=%2Fwp%2Fv2%2Fmedia&parent=892"}],"curies":[{"name":"wp","href":"https:\/\/api.w.org\/{rel}","templated":true}]}}