{"id":954,"date":"2019-01-12T04:44:21","date_gmt":"2019-01-12T04:44:21","guid":{"rendered":"http:\/\/adventistas.org.do\/?page_id=954"},"modified":"2021-04-15T23:59:41","modified_gmt":"2021-04-15T23:59:41","slug":"iglesia","status":"publish","type":"page","link":"https:\/\/adventistas.org.do\/?page_id=954","title":{"rendered":"IGLESIA"},"content":{"rendered":"\n\n\t\n<h3>Los Adventistas del S\u00e9ptimo D\u00eda pueden ser considerados verdaderamente como una familia mundial de creyentes cristianos. La presencia adventista se manifiesta en casi cada pa\u00eds del mundo.&nbsp;<\/h3>\n\n\n<p>En t\u00e9rminos administrativos, la iglesia es atendida por 13 \u00e1reas regionales que abarcan el mundo. No importa d\u00f3nde encuentre un creyente adventista, usted hallar\u00e1 que adhiere a los ideales descritos por la Biblia y que sus vidas ilustran tanto la fe en Dios como el compromiso de la iglesia con el mejoramiento de todos los seres humanos.<\/p>\n\n\n<figure><img decoding=\"async\" src=\"http:\/\/adventistas.org.do\/wp-content\/uploads\/2019\/01\/adventist-world-church-map-2013-en.png\" alt=\"\"\/><\/figure>\n\n\n<hr \/>\n\n\n<h2><a href=\"https:\/\/www.adventist.org\/es\/iglesia-mundial\/conferencia-general\/\">Conferencia General<\/a><\/h2>\n\n\n<p>La Asociaci\u00f3n&nbsp;General coordina el ministerio mundial de la Iglesia Adventista del S\u00e9ptimo D\u00eda, y es un organismo establecido bajo la verdad de que ning\u00fan hombre deber\u00eda ser gobernado por el juicio de otro, y que cualquier decisi\u00f3n tiene que ser tomada por una asamblea. La Asociaci\u00f3n General es responsable de los planes espirituales y de desarrollo de la iglesia en el mundo.<\/p>\n\n\n\n\n\n<hr \/>\n<!-- \/wp:post-content -->\n\n<h2><a href=\"http:\/\/adventistas.org.do\/?page_id=892\">Uni\u00f3n&nbsp;Asociaci\u00f3n Dominicana<\/a><\/h2>\n\n\n<p>La Uni\u00f3n Asociaci\u00f3n Dominicana est\u00e1 compuesta por seis asociaciones regionales en la Rep\u00fablica Dominicana. En una poblaci\u00f3n de unos 11 millones de habitantes, la Iglesia Adventista del S\u00e9ptimo D\u00eda cuenta con m\u00e1s de 330 mil miembros que se re\u00fanen en m\u00e1s de 1.200 iglesias.<\/p>\n\n\n\n\n\n<!-- \/wp:fl-builder\/layout -->","protected":false},"excerpt":{"rendered":"<p>Conferencia General La Asociaci\u00f3n&nbsp;General coordina el ministerio mundial de la Iglesia Adventista del S\u00e9ptimo D\u00eda, y es un organismo establecido bajo la verdad de que ning\u00fan hombre deber\u00eda ser gobernado por el juicio de otro, y que cualquier decisi\u00f3n tiene que ser tomada por una asamblea. La Asociaci\u00f3n General es responsable de los planes espirituales&hellip; <br \/> <a class=\"read-more\" href=\"https:\/\/adventistas.org.do\/?page_id=954\">Leer m\u00e1s<\/a><\/p>\n","protected":false},"author":1,"featured_media":0,"parent":0,"menu_order":0,"comment_status":"closed","ping_status":"closed","template":"","meta":{"footnotes":""},"class_list":["post-954","page","type-page","status-publish","hentry"],"_links":{"self":[{"href":"https:\/\/adventistas.org.do\/index.php?rest_route=\/wp\/v2\/pages\/954","targetHints":{"allow":["GET"]}}],"collection":[{"href":"https:\/\/adventistas.org.do\/index.php?rest_route=\/wp\/v2\/pages"}],"about":[{"href":"https:\/\/adventistas.org.do\/index.php?rest_route=\/wp\/v2\/types\/page"}],"author":[{"embeddable":true,"href":"https:\/\/adventistas.org.do\/index.php?rest_route=\/wp\/v2\/users\/1"}],"replies":[{"embeddable":true,"href":"https:\/\/adventistas.org.do\/index.php?rest_route=%2Fwp%2Fv2%2Fcomments&post=954"}],"version-history":[{"count":7,"href":"https:\/\/adventistas.org.do\/index.php?rest_route=\/wp\/v2\/pages\/954\/revisions"}],"predecessor-version":[{"id":1584,"href":"https:\/\/adventistas.org.do\/index.php?rest_route=\/wp\/v2\/pages\/954\/revisions\/1584"}],"wp:attachment":[{"href":"https:\/\/adventistas.org.do\/index.php?rest_route=%2Fwp%2Fv2%2Fmedia&parent=954"}],"curies":[{"name":"wp","href":"https:\/\/api.w.org\/{rel}","templated":true}]}}